{"id":10918,"date":"2022-02-02T10:48:51","date_gmt":"2022-02-02T09:48:51","guid":{"rendered":"https:\/\/www.prva.hr\/?page_id=10918"},"modified":"2022-02-02T10:48:51","modified_gmt":"2022-02-02T09:48:51","slug":"politika-kolacica","status":"publish","type":"page","link":"https:\/\/prva.hr\/index.php\/politika-kolacica\/","title":{"rendered":"Politika kola\u010di\u0107a"},"content":{"rendered":"<div class=\"cli_pg_page_contaner\">\n<h3>Vi\u0161e o politici kola\u010di\u0107a<\/h3>\n<div>Ova &#8220;Pravila o kola\u010di\u0107ima&#8221; obja\u0161njavaju \u0161to su kola\u010di\u0107i i kako ih koristimo, koje vrste kola\u010di\u0107a koristimo, tj. koje podatke prikupljamo pomo\u0107u kola\u010di\u0107a i kako se te informacije koriste, te kako kontrolirati postavke kola\u010di\u0107a. Za dodatne informacije o tome kako koristimo, pohranjujemo i \u010duvamo va\u0161e osobne podatke, pogledajte na\u0161a Pravila o privatnosti. U bilo kojem trenutku mo\u017eete promijeniti ili povu\u0107i svoj pristanak iz Izjave o kola\u010di\u0107ima na na\u0161oj web stranici Saznajte vi\u0161e o tome tko smo mi, kako nas mo\u017eete kontaktirati i kako obra\u0111ujemo osobne podatke u na\u0161im Pravilima privatnosti. Va\u0161 pristanak odnosi se na sljede\u0107u domene:\u00a0 www.prva.hr[user_consent_state]<\/div>\n<h3>\u0160to su kola\u010di\u0107i?<\/h3>\n<p>Kola\u010di\u0107i su male tekstualne datoteke koje se koriste za pohranjivanje malih dijelova informacija. Pohranjuju se na va\u0161em ure\u0111aju kada se web stranica u\u010dita u va\u0161em pregledniku. Ovi kola\u010di\u0107i nam poma\u017eu da web stranica ispravno funkcionira, u\u010dini je sigurnijom, pru\u017ei bolje korisni\u010dko iskustvo i razumije kako web stranica radi te je analiziramo \u0161to radi i kako je mo\u017eemo pobolj\u0161ati.<\/p>\n<p><strong>Kako koristimo kola\u010di\u0107e?<\/strong><\/p>\n<p>Kao i ve\u0107ina online usluga, na\u0161a web stranica koristi kola\u010di\u0107e prve i tre\u0107e strane u nekoliko namjena. Kola\u010di\u0107i prve strane uglavnom su nu\u017eni za ispravan rad web stranice i ne prikupljaju va\u0161e osobne podatke.<\/p>\n<p>Kola\u010di\u0107i tre\u0107ih strana koji se koriste na na\u0161oj web stranici uglavnom slu\u017ee za razumijevanje rada web-stranice, va\u0161e interakcije s na\u0161om web-stranicom, odr\u017eavanja sigurnosti na\u0161ih usluga, pru\u017eanja oglasa koji su relevantni za vas, te da vam pru\u017ea bolji pregled za vas kao korisnika.<\/p>\n<h3>Koje vrste kola\u010di\u0107a koristimo?<\/h3>\n<p><em><strong>Bitno:<\/strong><\/em> Neki kola\u010di\u0107i su neophodni da biste mogli u potpunosti koristiti na\u0161e web stranice. Omogu\u0107uju nam odr\u017eavanje korisni\u010dkih sesija i sprje\u010davanje bilo kakvih sigurnosnih prijetnji. Ne prikupljaju niti pohranjuju nikakve osobne podatke. Na primjer, ovi kola\u010di\u0107i vam omogu\u0107uju da se prijavite na svoj korisni\u010dki ra\u010dun.<\/p>\n<p><em><strong>Statistika<\/strong><\/em>: Ovi kola\u010di\u0107i pohranjuju informacije kao \u0161to su broj posjetitelja web stranice, broj jedinstvenih posjetitelja, koje su web stranice posje\u0107ene, izvor posjeta, itd. Ovi podaci nam poma\u017eu razumjeti i analizirati koliko ispravno radi web stranica i gdje je treba pobolj\u0161ati.<\/p>\n<p><em><strong>Marketing:<\/strong><\/em> Na\u0161a web stranica prikazuje reklame. Ovi kola\u010di\u0107i se koriste za personalizaciju reklama koje vam prikazujemo kako bi vam bile zna\u010dajne. Ovi kola\u010di\u0107i nam tako\u0111er poma\u017eu pratiti u\u010dinkovitost oglasnih kampanja.<br \/>\nPodatke pohranjene u ovim kola\u010di\u0107ima tako\u0111er mogu koristiti tre\u0107e strane davatelji oglasa kako bi vam prikazali oglase i na drugim web stranicama u pregledniku.<\/p>\n<p><em><strong>Funkcionalni:<\/strong><\/em> To su kola\u010di\u0107i koji poma\u017eu odre\u0111enim nebitnim funkcijama na na\u0161oj web stranici. Te funkcije uklju\u010duju ugra\u0111ivanje sadr\u017eaja poput videozapisa ili dijeljenje sadr\u017eaja web stranice na platformama dru\u0161tvenih medija.<\/p>\n<p><em><strong>Postavke:<\/strong><\/em> Ovi kola\u010di\u0107i nam poma\u017eu pohraniti va\u0161e postavke i postavke pregledavanja kao \u0161to su jezi\u010dne postavke kako biste imali bolje i u\u010dinkovitije iskustvo pri budu\u0107im pregledima web stranice.<br \/>\n[cookie_audit columns=&#8221;cookie,description&#8221; heading=&#8221;Popis u nastavku sadr\u017ei pojedinosti o kola\u010di\u0107ima koji se koriste na na\u0161oj web stranici.&#8221;]<\/p>\n<h3>Kako mogu kontrolirati postavke kola\u010di\u0107a?<\/h3>\n<p>Ako odlu\u010dite promijeniti svoje postavke kasnije tijekom sesije pregledavanja, mo\u017eete kliknuti karticu &#8220;Pravila o privatnosti i kola\u010di\u0107ima&#8221; na svom zaslonu. Ovo \u0107e ponovno prikazati obavijest o pristanku koja vam omogu\u0107uje da promijenite svoje postavke ili u potpunosti povu\u010dete privolu.<\/p>\n<p>Osim toga, razli\u010diti preglednici pru\u017eaju razli\u010dite metode za blokiranje i brisanje kola\u010di\u0107a koje koriste web stranice. Mo\u017eete promijeniti postavke va\u0161eg preglednika da blokirate\/bri\u0161ete kola\u010di\u0107e. Da biste saznali vi\u0161e o tome kako upravljati i brisati kola\u010di\u0107e, posjetite wikipedia.org, www.allaboutcookies.org.<\/p>\n<\/div>\n","protected":false},"excerpt":{"rendered":"<p>Vi\u0161e o politici kola\u010di\u0107a Ova &#8220;Pravila o kola\u010di\u0107ima&#8221; obja\u0161njavaju \u0161to su kola\u010di\u0107i i kako ih koristimo, koje vrste kola\u010di\u0107a koristimo, tj. koje podatke prikupljamo pomo\u0107u kola\u010di\u0107a i kako se te informacije koriste, te kako kontrolirati postavke kola\u010di\u0107a. Za dodatne informacije o tome kako koristimo, pohranjujemo i \u010duvamo va\u0161e osobne podatke, pogledajte na\u0161a Pravila o privatnosti. [&hellip;]<\/p>\n","protected":false},"author":1,"featured_media":0,"parent":0,"menu_order":0,"comment_status":"closed","ping_status":"closed","template":"","meta":{"_et_pb_use_builder":"","_et_pb_old_content":"","_et_gb_content_width":"","footnotes":""},"class_list":["post-10918","page","type-page","status-publish","hentry"],"_links":{"self":[{"href":"https:\/\/prva.hr\/index.php\/wp-json\/wp\/v2\/pages\/10918","targetHints":{"allow":["GET"]}}],"collection":[{"href":"https:\/\/prva.hr\/index.php\/wp-json\/wp\/v2\/pages"}],"about":[{"href":"https:\/\/prva.hr\/index.php\/wp-json\/wp\/v2\/types\/page"}],"author":[{"embeddable":true,"href":"https:\/\/prva.hr\/index.php\/wp-json\/wp\/v2\/users\/1"}],"replies":[{"embeddable":true,"href":"https:\/\/prva.hr\/index.php\/wp-json\/wp\/v2\/comments?post=10918"}],"version-history":[{"count":1,"href":"https:\/\/prva.hr\/index.php\/wp-json\/wp\/v2\/pages\/10918\/revisions"}],"predecessor-version":[{"id":10919,"href":"https:\/\/prva.hr\/index.php\/wp-json\/wp\/v2\/pages\/10918\/revisions\/10919"}],"wp:attachment":[{"href":"https:\/\/prva.hr\/index.php\/wp-json\/wp\/v2\/media?parent=10918"}],"curies":[{"name":"wp","href":"https:\/\/api.w.org\/{rel}","templated":true}]}}