{"id":14446,"date":"2023-05-18T14:10:00","date_gmt":"2023-05-18T12:10:00","guid":{"rendered":"https:\/\/www.prva.hr\/?page_id=14446"},"modified":"2023-05-18T17:14:06","modified_gmt":"2023-05-18T15:14:06","slug":"projektni-dan-2023-glazba","status":"publish","type":"page","link":"https:\/\/prva.hr\/index.php\/projektni-dan-2023-glazba\/","title":{"rendered":"Projektni dan 2023 &#8211; Glazba"},"content":{"rendered":"\n<p>Projekti &#8211; 2023<\/p>\n\n\n\n<div data-wp-interactive=\"core\/file\" class=\"wp-block-file\"><object data-wp-bind--hidden=\"!state.hasPdfPreview\" hidden class=\"wp-block-file__embed\" data=\"https:\/\/www.prva.hr\/wp-content\/uploads\/2023\/05\/Projekti-svi-2023.pdf\" type=\"application\/pdf\" style=\"width:100%;height:600px\" aria-label=\"Ugra\u0111eno Projekti-svi-2023.\"><\/object><a id=\"wp-block-file--media-69a5cf9f-c183-407b-97e6-03fc650f3b03\" href=\"https:\/\/www.prva.hr\/wp-content\/uploads\/2023\/05\/Projekti-svi-2023.pdf\">Projekti-svi-2023<\/a><a href=\"https:\/\/www.prva.hr\/wp-content\/uploads\/2023\/05\/Projekti-svi-2023.pdf\" class=\"wp-block-file__button wp-element-button\" download aria-describedby=\"wp-block-file--media-69a5cf9f-c183-407b-97e6-03fc650f3b03\">Preuzmi<\/a><\/div>\n\n\n<p>Glazba, projektni dan 2023<\/p>\n<p><iframe title=\"YouTube video player\" data-src=\"https:\/\/www.youtube.com\/embed\/BtOR91v78vU\" width=\"560\" height=\"315\" frameborder=\"0\" allowfullscreen=\"allowfullscreen\" src=\"data:image\/svg+xml;base64,PHN2ZyB3aWR0aD0iMSIgaGVpZ2h0PSIxIiB4bWxucz0iaHR0cDovL3d3dy53My5vcmcvMjAwMC9zdmciPjwvc3ZnPg==\" class=\"lazyload\" data-load-mode=\"1\"><\/iframe><\/p>\n<p>Glazbeni hodonimi<\/p>\n<p><iframe title=\"YouTube video player\" data-src=\"https:\/\/www.youtube.com\/embed\/ElhvyQk2A2U\" width=\"560\" height=\"315\" frameborder=\"0\" allowfullscreen=\"allowfullscreen\" src=\"data:image\/svg+xml;base64,PHN2ZyB3aWR0aD0iMSIgaGVpZ2h0PSIxIiB4bWxucz0iaHR0cDovL3d3dy53My5vcmcvMjAwMC9zdmciPjwvc3ZnPg==\" class=\"lazyload\" data-load-mode=\"1\"><\/iframe><\/p>\n<p>Glazbeni hodonimi 2.a<\/p>\n<p><iframe title=\"YouTube video player\" data-src=\"https:\/\/www.youtube.com\/embed\/EWZAVf7iY-Y\" width=\"560\" height=\"315\" frameborder=\"0\" allowfullscreen=\"allowfullscreen\" src=\"data:image\/svg+xml;base64,PHN2ZyB3aWR0aD0iMSIgaGVpZ2h0PSIxIiB4bWxucz0iaHR0cDovL3d3dy53My5vcmcvMjAwMC9zdmciPjwvc3ZnPg==\" class=\"lazyload\" data-load-mode=\"1\"><\/iframe><\/p>\n<p>Les Mis\u00e9rables<\/p>\n<p><iframe title=\"YouTube video player\" data-src=\"https:\/\/www.youtube.com\/embed\/eINYWde_PWc\" width=\"560\" height=\"315\" frameborder=\"0\" allowfullscreen=\"allowfullscreen\" src=\"data:image\/svg+xml;base64,PHN2ZyB3aWR0aD0iMSIgaGVpZ2h0PSIxIiB4bWxucz0iaHR0cDovL3d3dy53My5vcmcvMjAwMC9zdmciPjwvc3ZnPg==\" class=\"lazyload\" data-load-mode=\"1\"><\/iframe><\/p>\n<p>Od Ode radosti do suvremene njema\u010dke glazbe &#8211; film<\/p>\n<p><iframe title=\"YouTube video player\" data-src=\"https:\/\/www.youtube.com\/embed\/k2ADimWtzlM\" width=\"560\" height=\"315\" frameborder=\"0\" allowfullscreen=\"allowfullscreen\" src=\"data:image\/svg+xml;base64,PHN2ZyB3aWR0aD0iMSIgaGVpZ2h0PSIxIiB4bWxucz0iaHR0cDovL3d3dy53My5vcmcvMjAwMC9zdmciPjwvc3ZnPg==\" class=\"lazyload\" data-load-mode=\"1\"><\/iframe><\/p>\n<p>Postani novinarska i glazbena zvijezda<\/p>\n<p><iframe title=\"YouTube video player\" data-src=\"https:\/\/www.youtube.com\/embed\/QsFowgFtqEg\" width=\"560\" height=\"315\" frameborder=\"0\" allowfullscreen=\"allowfullscreen\" src=\"data:image\/svg+xml;base64,PHN2ZyB3aWR0aD0iMSIgaGVpZ2h0PSIxIiB4bWxucz0iaHR0cDovL3d3dy53My5vcmcvMjAwMC9zdmciPjwvc3ZnPg==\" class=\"lazyload\" data-load-mode=\"1\"><\/iframe><\/p>\n<p>Projektni dan &#8211; Francuska \u0161ansona s Lanom S<\/p>\n<p><iframe title=\"YouTube video player\" data-src=\"https:\/\/www.youtube.com\/embed\/1eK5366Di94\" width=\"560\" height=\"315\" frameborder=\"0\" allowfullscreen=\"allowfullscreen\" src=\"data:image\/svg+xml;base64,PHN2ZyB3aWR0aD0iMSIgaGVpZ2h0PSIxIiB4bWxucz0iaHR0cDovL3d3dy53My5vcmcvMjAwMC9zdmciPjwvc3ZnPg==\" class=\"lazyload\" data-load-mode=\"1\"><\/iframe><\/p>\n<p>Tjeloglazba<\/p>\n<p><iframe title=\"YouTube video player\" data-src=\"https:\/\/www.youtube.com\/embed\/DUC_i1bN90c\" width=\"560\" height=\"315\" frameborder=\"0\" allowfullscreen=\"allowfullscreen\" src=\"data:image\/svg+xml;base64,PHN2ZyB3aWR0aD0iMSIgaGVpZ2h0PSIxIiB4bWxucz0iaHR0cDovL3d3dy53My5vcmcvMjAwMC9zdmciPjwvc3ZnPg==\" class=\"lazyload\" data-load-mode=\"1\"><\/iframe><\/p>\n<p>Zaple\u0161i sa mnom<\/p>\n<p><iframe title=\"YouTube video player\" data-src=\"https:\/\/www.youtube.com\/embed\/z7v5lnY2Wb8\" width=\"560\" height=\"315\" frameborder=\"0\" allowfullscreen=\"allowfullscreen\" src=\"data:image\/svg+xml;base64,PHN2ZyB3aWR0aD0iMSIgaGVpZ2h0PSIxIiB4bWxucz0iaHR0cDovL3d3dy53My5vcmcvMjAwMC9zdmciPjwvc3ZnPg==\" class=\"lazyload\" data-load-mode=\"1\"><\/iframe><\/p>\n<p>Vodeni ksilofon 2<\/p>\n<p><iframe title=\"YouTube video player\" data-src=\"https:\/\/www.youtube.com\/embed\/t6F_gA0lSAE\" width=\"560\" height=\"315\" frameborder=\"0\" allowfullscreen=\"allowfullscreen\" src=\"data:image\/svg+xml;base64,PHN2ZyB3aWR0aD0iMSIgaGVpZ2h0PSIxIiB4bWxucz0iaHR0cDovL3d3dy53My5vcmcvMjAwMC9zdmciPjwvc3ZnPg==\" class=\"lazyload\" data-load-mode=\"1\"><\/iframe><\/p>\n<p>zoo (1) \u017divotinja, zvuk, komunikacija, \u010dovjek<\/p>\n<p>_<\/p>\n<p>Grampofonske plo\u010de, vinili i rock u kemiji &#8211; Projekt Pavlovi\u0107-Liber<\/p>\n<p><a href=\"https:\/\/padlet.com\/kemliber35\/gramofonske-plo-e-vinili-i-rock-u-kemiji-blm5bky9hf5r7jdz\" target=\"_blank\" rel=\"noopener\">https:\/\/padlet.com\/kemliber35\/gramofonske-plo-e-vinili-i-rock-u-kemiji-blm5bky9hf5r7jdz<\/a><\/p>\n\n\n<p>Grampofonske plo\u010de, vinili i rock u kemiji &#8211; padlet-PROJEKTNI DAN 2023<\/p>\n\n\n\n<div data-wp-interactive=\"core\/file\" class=\"wp-block-file\"><object data-wp-bind--hidden=\"!state.hasPdfPreview\" hidden class=\"wp-block-file__embed\" data=\"https:\/\/www.prva.hr\/wp-content\/uploads\/2023\/05\/padlet-PROJEKTNI-DAN-2023.pdf\" type=\"application\/pdf\" style=\"width:100%;height:600px\" aria-label=\"Ugra\u0111eno padlet-PROJEKTNI-DAN-2023.\"><\/object><a id=\"wp-block-file--media-4ae8b964-0760-4047-8d14-975a3af12bbd\" href=\"https:\/\/www.prva.hr\/wp-content\/uploads\/2023\/05\/padlet-PROJEKTNI-DAN-2023.pdf\">padlet-PROJEKTNI-DAN-2023<\/a><a href=\"https:\/\/www.prva.hr\/wp-content\/uploads\/2023\/05\/padlet-PROJEKTNI-DAN-2023.pdf\" class=\"wp-block-file__button wp-element-button\" download aria-describedby=\"wp-block-file--media-4ae8b964-0760-4047-8d14-975a3af12bbd\">Preuzmi<\/a><\/div>\n\n\n\n<p>Utjecaj glazbe na stvaranje regionalnog identiteta<\/p>\n\n\n\n<figure class=\"wp-block-image size-large\"><img decoding=\"async\" width=\"1024\" height=\"751\" data-src=\"https:\/\/www.prva.hr\/wp-content\/uploads\/2023\/05\/utjecaj-glazbe-na-stvaranje-regionalnog-identiteta-1024x751.jpg\" alt=\"\" class=\"wp-image-14461 lazyload\" data-srcset=\"https:\/\/prva.hr\/wp-content\/uploads\/2023\/05\/utjecaj-glazbe-na-stvaranje-regionalnog-identiteta-1024x751.jpg 1024w, https:\/\/prva.hr\/wp-content\/uploads\/2023\/05\/utjecaj-glazbe-na-stvaranje-regionalnog-identiteta-300x220.jpg 300w, https:\/\/prva.hr\/wp-content\/uploads\/2023\/05\/utjecaj-glazbe-na-stvaranje-regionalnog-identiteta-768x563.jpg 768w, https:\/\/prva.hr\/wp-content\/uploads\/2023\/05\/utjecaj-glazbe-na-stvaranje-regionalnog-identiteta-1536x1127.jpg 1536w, https:\/\/prva.hr\/wp-content\/uploads\/2023\/05\/utjecaj-glazbe-na-stvaranje-regionalnog-identiteta-2048x1502.jpg 2048w, https:\/\/prva.hr\/wp-content\/uploads\/2023\/05\/utjecaj-glazbe-na-stvaranje-regionalnog-identiteta-400x293.jpg 400w\" data-sizes=\"(max-width: 1024px) 100vw, 1024px\" src=\"data:image\/svg+xml;base64,PHN2ZyB3aWR0aD0iMSIgaGVpZ2h0PSIxIiB4bWxucz0iaHR0cDovL3d3dy53My5vcmcvMjAwMC9zdmciPjwvc3ZnPg==\" style=\"--smush-placeholder-width: 1024px; --smush-placeholder-aspect-ratio: 1024\/751;\" \/><\/figure>\n","protected":false},"excerpt":{"rendered":"<p>Projekti &#8211; 2023 Glazba, projektni dan 2023 Glazbeni hodonimi Glazbeni hodonimi 2.a Les Mis\u00e9rables Od Ode radosti do suvremene njema\u010dke glazbe &#8211; film Postani novinarska i glazbena zvijezda Projektni dan &#8211; Francuska \u0161ansona s Lanom S Tjeloglazba Zaple\u0161i sa mnom Vodeni ksilofon 2 zoo (1) \u017divotinja, zvuk, komunikacija, \u010dovjek _ Grampofonske plo\u010de, vinili i rock [&hellip;]<\/p>\n","protected":false},"author":1,"featured_media":0,"parent":0,"menu_order":0,"comment_status":"closed","ping_status":"closed","template":"","meta":{"_et_pb_use_builder":"","_et_pb_old_content":"","_et_gb_content_width":"","footnotes":""},"class_list":["post-14446","page","type-page","status-publish","hentry"],"_links":{"self":[{"href":"https:\/\/prva.hr\/index.php\/wp-json\/wp\/v2\/pages\/14446","targetHints":{"allow":["GET"]}}],"collection":[{"href":"https:\/\/prva.hr\/index.php\/wp-json\/wp\/v2\/pages"}],"about":[{"href":"https:\/\/prva.hr\/index.php\/wp-json\/wp\/v2\/types\/page"}],"author":[{"embeddable":true,"href":"https:\/\/prva.hr\/index.php\/wp-json\/wp\/v2\/users\/1"}],"replies":[{"embeddable":true,"href":"https:\/\/prva.hr\/index.php\/wp-json\/wp\/v2\/comments?post=14446"}],"version-history":[{"count":10,"href":"https:\/\/prva.hr\/index.php\/wp-json\/wp\/v2\/pages\/14446\/revisions"}],"predecessor-version":[{"id":14467,"href":"https:\/\/prva.hr\/index.php\/wp-json\/wp\/v2\/pages\/14446\/revisions\/14467"}],"wp:attachment":[{"href":"https:\/\/prva.hr\/index.php\/wp-json\/wp\/v2\/media?parent=14446"}],"curies":[{"name":"wp","href":"https:\/\/api.w.org\/{rel}","templated":true}]}}