{"id":298,"date":"2017-05-22T08:29:21","date_gmt":"2017-05-22T06:29:21","guid":{"rendered":"http:\/\/www2.prva.hr\/?page_id=298"},"modified":"2025-09-25T14:32:50","modified_gmt":"2025-09-25T12:32:50","slug":"vijece-roditelja","status":"publish","type":"page","link":"https:\/\/prva.hr\/index.php\/vijece-roditelja\/","title":{"rendered":"VIJE\u0106E RODITELJA \u0161k. god. 2025.\/26."},"content":{"rendered":"\n<p>\u010cLANOVI VIJE\u0106A RODITELJA:<\/p>\n\n\n\n<p>1. a &#8211; Martina Andrijevi\u0107<\/p>\n\n\n\n<p>1. b &#8211; Ksenija Banovi\u0107<\/p>\n\n\n\n<p>1. c &#8211; An\u0111elko Preradovi\u0107<\/p>\n\n\n\n<p>1. d &#8211; Ksenija Balja<\/p>\n\n\n\n<p>1.e &#8211; Dalia Klari\u0107<\/p>\n\n\n\n<p><\/p>\n\n\n\n<p>2. a &#8211; Bernard Kos<\/p>\n\n\n\n<p>2. b &#8211; Irena Zovko Dinkovi\u0107<\/p>\n\n\n\n<p>2. c &#8211; Marina Zubak Pivarski<\/p>\n\n\n\n<p>2. d &#8211; Kre\u0161imir \u0160teti\u0107<\/p>\n\n\n\n<p>2. e &#8211; Zoran Plei\u0107<\/p>\n\n\n\n<p>2.f &#8211; Anita Vukasovi\u0107<\/p>\n\n\n\n<p>3. a &#8211; Anita Mari\u0107 Gabri\u0161<\/p>\n\n\n\n<p>3. b &#8211; Jozo Sta\u017ei\u0107<\/p>\n\n\n\n<p>3. c &#8211; Josip Nini\u0107<\/p>\n\n\n\n<p>3. d &#8211; Nikola Mostarac<\/p>\n\n\n\n<p>3. e &#8211; Renata \u0160timac<\/p>\n\n\n\n<p>3. f &#8211; Iva Movre \u0160api\u0107<\/p>\n\n\n\n<p>4. a &#8211; Marija Kadovi\u0107<\/p>\n\n\n\n<p>4. b &#8211; Ivana \u010covi\u0107 Knezovi\u0107<\/p>\n\n\n\n<p>4. c &#8211; Jelena Ple\u0161a<\/p>\n\n\n\n<p>4. d &#8211; Petar Brki\u0107<\/p>\n\n\n\n<p>4. e &#8211; Ante Vidovi\u0107<\/p>\n","protected":false},"excerpt":{"rendered":"<p>\u010cLANOVI VIJE\u0106A RODITELJA: 1. a &#8211; Martina Andrijevi\u0107 1. b &#8211; Ksenija Banovi\u0107 1. c &#8211; An\u0111elko Preradovi\u0107 1. d &#8211; Ksenija Balja 1.e &#8211; Dalia Klari\u0107 2. a &#8211; Bernard Kos 2. b &#8211; Irena Zovko Dinkovi\u0107 2. c &#8211; Marina Zubak Pivarski 2. d &#8211; Kre\u0161imir \u0160teti\u0107 2. e &#8211; Zoran Plei\u0107 2.f [&hellip;]<\/p>\n","protected":false},"author":1,"featured_media":0,"parent":0,"menu_order":0,"comment_status":"closed","ping_status":"closed","template":"","meta":{"_et_pb_use_builder":"","_et_pb_old_content":"","_et_gb_content_width":"","footnotes":""},"class_list":["post-298","page","type-page","status-publish","hentry"],"_links":{"self":[{"href":"https:\/\/prva.hr\/index.php\/wp-json\/wp\/v2\/pages\/298","targetHints":{"allow":["GET"]}}],"collection":[{"href":"https:\/\/prva.hr\/index.php\/wp-json\/wp\/v2\/pages"}],"about":[{"href":"https:\/\/prva.hr\/index.php\/wp-json\/wp\/v2\/types\/page"}],"author":[{"embeddable":true,"href":"https:\/\/prva.hr\/index.php\/wp-json\/wp\/v2\/users\/1"}],"replies":[{"embeddable":true,"href":"https:\/\/prva.hr\/index.php\/wp-json\/wp\/v2\/comments?post=298"}],"version-history":[{"count":18,"href":"https:\/\/prva.hr\/index.php\/wp-json\/wp\/v2\/pages\/298\/revisions"}],"predecessor-version":[{"id":21116,"href":"https:\/\/prva.hr\/index.php\/wp-json\/wp\/v2\/pages\/298\/revisions\/21116"}],"wp:attachment":[{"href":"https:\/\/prva.hr\/index.php\/wp-json\/wp\/v2\/media?parent=298"}],"curies":[{"name":"wp","href":"https:\/\/api.w.org\/{rel}","templated":true}]}}