{"id":300,"date":"2017-05-22T08:30:44","date_gmt":"2017-05-22T06:30:44","guid":{"rendered":"http:\/\/www2.prva.hr\/?page_id=300"},"modified":"2025-09-25T14:39:06","modified_gmt":"2025-09-25T12:39:06","slug":"vijece-ucenika","status":"publish","type":"page","link":"https:\/\/prva.hr\/index.php\/vijece-ucenika\/","title":{"rendered":"VIJE\u0106E U\u010cENIKA \u0161k. god. 2025.\/26."},"content":{"rendered":"\n<p>\u010cLANOVI VIJE\u0106A U\u010cENIKA:<\/p>\n\n\n\n<p>1. a \u2013 Roko \u0106urin<\/p>\n\n\n\n<p>1. b &#8211; Slavko Biondi\u0107<\/p>\n\n\n\n<p>1. c \u2013 Nikola Jovi\u010di\u0107<\/p>\n\n\n\n<p>1. d \u2013 Katarina O\u0161tri\u0107<\/p>\n\n\n\n<p>1.e \u2013 Matko Kotlar<\/p>\n\n\n\n<p>2. a \u2013 Mia Smoljan<\/p>\n\n\n\n<p>2. b \u2013 Roko \u017dupi\u0107<\/p>\n\n\n\n<p>2. c \u2013 Petra Boroje<\/p>\n\n\n\n<p>2. d \u2013 Mila Fajkovi\u0107<\/p>\n\n\n\n<p>2. e \u2013 Marta Rogini\u0107<\/p>\n\n\n\n<p>2.f \u2013 Tino Fresl<\/p>\n\n\n\n<p>3. a \u2013 Ema Proti\u0107<\/p>\n\n\n\n<p>3. b \u2013 Eva \u0160piljak<\/p>\n\n\n\n<p>3. c \u2013 Ivan Nini\u0107<\/p>\n\n\n\n<p>3. d \u2013 Sara Benc<\/p>\n\n\n\n<p>3. e \u2013 Maria Gavran<\/p>\n\n\n\n<p>3. f \u2013 Anthony \u010curi\u0107<\/p>\n\n\n\n<p>4. a \u2013 Hrvoje Boroje<\/p>\n\n\n\n<p>4. b \u2013 Jan Federbar Bu\u0107an<\/p>\n\n\n\n<p>4. c \u2013 Franko Lazi\u0107<\/p>\n\n\n\n<p>4. d \u2013 Karla Nagli\u0107<\/p>\n\n\n\n<p>4. e \u2013 Ivan De\u017eeli\u0107<\/p>\n","protected":false},"excerpt":{"rendered":"<p>\u010cLANOVI VIJE\u0106A U\u010cENIKA: 1. a \u2013 Roko \u0106urin 1. b &#8211; Slavko Biondi\u0107 1. c \u2013 Nikola Jovi\u010di\u0107 1. d \u2013 Katarina O\u0161tri\u0107 1.e \u2013 Matko Kotlar 2. a \u2013 Mia Smoljan 2. b \u2013 Roko \u017dupi\u0107 2. c \u2013 Petra Boroje 2. d \u2013 Mila Fajkovi\u0107 2. e \u2013 Marta Rogini\u0107 2.f \u2013 Tino [&hellip;]<\/p>\n","protected":false},"author":1,"featured_media":0,"parent":0,"menu_order":0,"comment_status":"closed","ping_status":"closed","template":"","meta":{"_et_pb_use_builder":"","_et_pb_old_content":"","_et_gb_content_width":"","footnotes":""},"class_list":["post-300","page","type-page","status-publish","hentry"],"_links":{"self":[{"href":"https:\/\/prva.hr\/index.php\/wp-json\/wp\/v2\/pages\/300","targetHints":{"allow":["GET"]}}],"collection":[{"href":"https:\/\/prva.hr\/index.php\/wp-json\/wp\/v2\/pages"}],"about":[{"href":"https:\/\/prva.hr\/index.php\/wp-json\/wp\/v2\/types\/page"}],"author":[{"embeddable":true,"href":"https:\/\/prva.hr\/index.php\/wp-json\/wp\/v2\/users\/1"}],"replies":[{"embeddable":true,"href":"https:\/\/prva.hr\/index.php\/wp-json\/wp\/v2\/comments?post=300"}],"version-history":[{"count":18,"href":"https:\/\/prva.hr\/index.php\/wp-json\/wp\/v2\/pages\/300\/revisions"}],"predecessor-version":[{"id":21118,"href":"https:\/\/prva.hr\/index.php\/wp-json\/wp\/v2\/pages\/300\/revisions\/21118"}],"wp:attachment":[{"href":"https:\/\/prva.hr\/index.php\/wp-json\/wp\/v2\/media?parent=300"}],"curies":[{"name":"wp","href":"https:\/\/api.w.org\/{rel}","templated":true}]}}