{"id":304,"date":"2017-05-22T08:36:13","date_gmt":"2017-05-22T06:36:13","guid":{"rendered":"http:\/\/www2.prva.hr\/?page_id=304"},"modified":"2025-09-20T23:23:33","modified_gmt":"2025-09-20T21:23:33","slug":"popis-profesora","status":"publish","type":"page","link":"https:\/\/prva.hr\/index.php\/popis-profesora\/","title":{"rendered":"POPIS PROFESORA"},"content":{"rendered":"<p><em><strong>Nastavni\u010dko vije\u0107e<\/strong><\/em><\/p>\n<p>Bano\u017ei\u0107, Tatjana &#8211; njema\u010dki i francuski jezik<\/p>\n<p>Barbutov Krsteva, Tinka &#8211; stru\u010dna suradnica knji\u017eni\u010darka<\/p>\n<p>Begi\u0107, Helena &#8211; hrvatski jezik<\/p>\n<p>Beki\u0107, Jelena &#8211; talijanski\u00a0 jezik<\/p>\n<p>Bo\u017ei\u010dkovi\u0107 Peri\u010di\u0107, Ivana &#8211; fizika<\/p>\n<p>Bra\u010di\u0107, Martina &#8211; fizika<\/p>\n<p>Brezovec, Ivana &#8211; makedonski jezik<\/p>\n<p>Buza Romi\u0107, Maja &#8211; hrvatski jezik<\/p>\n<p>\u010cubrani\u0107, Maja &#8211; latinski jezik<\/p>\n<p>Dekovi\u0107, Iva &#8211; vjeronauk<\/p>\n<p>Dvora\u010dek U\u017earevi\u0107, Josipa &#8211; filozofija i etika<\/p>\n<p>Fer\u010dek, Maja &#8211; likovna umjetnost i povijest<\/p>\n<p>Gregorin, \u017deljka &#8211; stru\u010dna suradnica socijalna pedagoginja<\/p>\n<p>Heinrich, Nenad &#8211; fizika<\/p>\n<p>Hojsak, Kristina &#8211; matematika<\/p>\n<p>Homan, Susanne Gordana &#8211; psihologija<\/p>\n<p>Janji\u0107, Ivan &#8211; hrvatski jezik<\/p>\n<p>Joler, Dalibor &#8211; njema\u010dki jezik<\/p>\n<p>Juki\u0107, Tatjana &#8211; njema\u010dki jezik<\/p>\n<p>Karapand\u017ea, Marija &#8211; tjelesna i zdravstvena kultura<\/p>\n<p>Kr\u0161i\u0107, Damir &#8211; tjelesna i zdravstvena kultura<\/p>\n<p>Kus Petri\u0107, Vesna &#8211; matematika<\/p>\n<p>Liber, Snje\u017eana &#8211; kemija<\/p>\n<p>Luka\u010devi\u0107, Vlasta &#8211; stru\u010dna suradnica psihologinja<\/p>\n<p>Mandu\u0161i\u0107, Ivica &#8211; povijest<\/p>\n<p>Markovi\u0107, Goranka &#8211; geografija<\/p>\n<p>Markovi\u0107, Tatjana &#8211; biologija<\/p>\n<p>Maru\u0161i\u0107 Brezeti\u0107, Dunja &#8211; ravnateljica, filozofija<\/p>\n<p>Math, Donat &#8211; njema\u010dki jezik<\/p>\n<p>Matu\u0161an, Meri &#8211; tjelesna i zdravstvena kultura<\/p>\n<p>Miholi\u0107, Luka &#8211; biologija<\/p>\n<p>Mio\u010d, Matea &#8211; informatika<\/p>\n<p>Molnar, Hajnalka &#8211; ma\u0111arski jezik<\/p>\n<p>Mordu\u0161, Mihaela &#8211;\u00a0engleski i \u0161panjolski jezik<\/p>\n<p>Naran\u010di\u0107, Jelena &#8211; stru\u010dna suradnica pedagoginja<\/p>\n<p>Nebeski Hosti\u0107, Suzana &#8211; geografija<\/p>\n<p>Neja\u0161mi\u0107, \u0160imun &#8211; geografija<\/p>\n<p>Opati\u0107 Sanuri, Dunja &#8211; engleski jezik<\/p>\n<p>Pa\u0161tar, Zlata &#8211; sociologija, PIG i etika<\/p>\n<p>Pavlovi\u0107, Helena &#8211; kemija<\/p>\n<p>Polan\u010dec, Petra &#8211; engleski i \u0161panjolski jezik<\/p>\n<p>Radi\u0107 Mehmedba\u0161i\u0107, Maja &#8211; biologija<\/p>\n<p>Ra\u0161i\u0107, Dragan &#8211; biologija i kemija<\/p>\n<p>Rebrovi\u0107, Jasnica &#8211; francuski jezik<\/p>\n<p>Romac, Marina &#8211; engleski jezik<\/p>\n<p>Sekuli\u0107 \u0160tiv\u010devi\u0107, Gordana &#8211; informatika<\/p>\n<p>Sikavica Joler, Antonija &#8211; hrvatski jezik<\/p>\n<p>Sruk, Sanja &#8211; matematika<\/p>\n<p>Suboti\u010danec, Iva &#8211; matematika<\/p>\n<p>Su\u0107eska, Alen &#8211; etika, logika, filozofija<\/p>\n<p>\u0160a\u0161i\u0107 Smojver, Mirna &#8211; matematika<\/p>\n<p>\u0160obar, Martina &#8211; hrvatski jezik<\/p>\n<p>Vladu\u0161i\u0107, Kristina &#8211; glazbena umjetnost<\/p>\n<p>\u017ditko, Maja &#8211; matematika<\/p>\n<p>\u017du\u010dko, \u017deljka &#8211; povijest<\/p>\n","protected":false},"excerpt":{"rendered":"<p>Nastavni\u010dko vije\u0107e Bano\u017ei\u0107, Tatjana &#8211; njema\u010dki i francuski jezik Barbutov Krsteva, Tinka &#8211; stru\u010dna suradnica knji\u017eni\u010darka Begi\u0107, Helena &#8211; hrvatski jezik Beki\u0107, Jelena &#8211; talijanski\u00a0 jezik Bo\u017ei\u010dkovi\u0107 Peri\u010di\u0107, Ivana &#8211; fizika Bra\u010di\u0107, Martina &#8211; fizika Brezovec, Ivana &#8211; makedonski jezik Buza Romi\u0107, Maja &#8211; hrvatski jezik \u010cubrani\u0107, Maja &#8211; latinski jezik Dekovi\u0107, Iva &#8211; vjeronauk [&hellip;]<\/p>\n","protected":false},"author":1,"featured_media":0,"parent":0,"menu_order":0,"comment_status":"closed","ping_status":"closed","template":"","meta":{"_et_pb_use_builder":"","_et_pb_old_content":"","_et_gb_content_width":"","footnotes":""},"class_list":["post-304","page","type-page","status-publish","hentry"],"_links":{"self":[{"href":"https:\/\/prva.hr\/index.php\/wp-json\/wp\/v2\/pages\/304","targetHints":{"allow":["GET"]}}],"collection":[{"href":"https:\/\/prva.hr\/index.php\/wp-json\/wp\/v2\/pages"}],"about":[{"href":"https:\/\/prva.hr\/index.php\/wp-json\/wp\/v2\/types\/page"}],"author":[{"embeddable":true,"href":"https:\/\/prva.hr\/index.php\/wp-json\/wp\/v2\/users\/1"}],"replies":[{"embeddable":true,"href":"https:\/\/prva.hr\/index.php\/wp-json\/wp\/v2\/comments?post=304"}],"version-history":[{"count":31,"href":"https:\/\/prva.hr\/index.php\/wp-json\/wp\/v2\/pages\/304\/revisions"}],"predecessor-version":[{"id":21065,"href":"https:\/\/prva.hr\/index.php\/wp-json\/wp\/v2\/pages\/304\/revisions\/21065"}],"wp:attachment":[{"href":"https:\/\/prva.hr\/index.php\/wp-json\/wp\/v2\/media?parent=304"}],"curies":[{"name":"wp","href":"https:\/\/api.w.org\/{rel}","templated":true}]}}