{"id":3078,"date":"2017-03-24T18:43:44","date_gmt":"2017-03-24T17:43:44","guid":{"rendered":"http:\/\/www.prva.hr\/?page_id=3078"},"modified":"2018-03-24T18:44:59","modified_gmt":"2018-03-24T17:44:59","slug":"helena-begic","status":"publish","type":"page","link":"https:\/\/prva.hr\/index.php\/helena-begic\/","title":{"rendered":"Helena Begi\u0107"},"content":{"rendered":"<p>Ro\u0111ena u Karlovcu. Maturirala na Karlova\u010dkoj jezi\u010dnoj gimnaziji. 2000. g. diplomirala na Filozofskom fakultetu u Zagrebu \u2013 odsjek za Kroatistiku i Polonistiku. Tijekom studija stipendist Veleposlanstva Republike Poljske u Var\u0161avi. Bavi se simultanim i literarnim prijevodima sa poljskog na hrvatski te lekturom knji\u017eevnih i novinarskih tekstova. Od 2008. predaje na I. gimnaziji gdje sudjeluje u radu ocjenjiva\u010dke komisije za prozne literarne radove Lidrana &amp;nbsp;te priprema u\u010denike za natjecanja iz hrvarskog jezika. Trenutno se bavi znanstvenim radom u sklopu poslijediplomskog studija teorije i povijesti knji\u017eevnosti na Filozofskom fakultetu i u\u017eiva u radu s u\u010denicima koje svakodnevno poku\u0161ava nadahnuti da pro\u010ditaju jo\u0161 jedno knji\u017eevno djelo.<\/p>\n","protected":false},"excerpt":{"rendered":"<p>Ro\u0111ena u Karlovcu. Maturirala na Karlova\u010dkoj jezi\u010dnoj gimnaziji. 2000. g. diplomirala na Filozofskom fakultetu u Zagrebu \u2013 odsjek za Kroatistiku i Polonistiku. Tijekom studija stipendist Veleposlanstva Republike Poljske u Var\u0161avi. Bavi se simultanim i literarnim prijevodima sa poljskog na hrvatski te lekturom knji\u017eevnih i novinarskih tekstova. Od 2008. predaje na I. gimnaziji gdje sudjeluje u [&hellip;]<\/p>\n","protected":false},"author":1,"featured_media":0,"parent":0,"menu_order":0,"comment_status":"closed","ping_status":"closed","template":"","meta":{"_et_pb_use_builder":"","_et_pb_old_content":"","_et_gb_content_width":"","footnotes":""},"class_list":["post-3078","page","type-page","status-publish","hentry"],"_links":{"self":[{"href":"https:\/\/prva.hr\/index.php\/wp-json\/wp\/v2\/pages\/3078","targetHints":{"allow":["GET"]}}],"collection":[{"href":"https:\/\/prva.hr\/index.php\/wp-json\/wp\/v2\/pages"}],"about":[{"href":"https:\/\/prva.hr\/index.php\/wp-json\/wp\/v2\/types\/page"}],"author":[{"embeddable":true,"href":"https:\/\/prva.hr\/index.php\/wp-json\/wp\/v2\/users\/1"}],"replies":[{"embeddable":true,"href":"https:\/\/prva.hr\/index.php\/wp-json\/wp\/v2\/comments?post=3078"}],"version-history":[{"count":1,"href":"https:\/\/prva.hr\/index.php\/wp-json\/wp\/v2\/pages\/3078\/revisions"}],"predecessor-version":[{"id":3079,"href":"https:\/\/prva.hr\/index.php\/wp-json\/wp\/v2\/pages\/3078\/revisions\/3079"}],"wp:attachment":[{"href":"https:\/\/prva.hr\/index.php\/wp-json\/wp\/v2\/media?parent=3078"}],"curies":[{"name":"wp","href":"https:\/\/api.w.org\/{rel}","templated":true}]}}