{"id":3086,"date":"2017-03-24T18:50:01","date_gmt":"2017-03-24T17:50:01","guid":{"rendered":"http:\/\/www.prva.hr\/?page_id=3086"},"modified":"2018-03-24T18:50:57","modified_gmt":"2018-03-24T17:50:57","slug":"snjezana-liber","status":"publish","type":"page","link":"https:\/\/prva.hr\/index.php\/snjezana-liber\/","title":{"rendered":"Snje\u017eana Liber"},"content":{"rendered":"<p><!-- [if gte mso 9]><xml>  <w:WordDocument>   <w:View>Normal<\/w:View>   <w:Zoom>0<\/w:Zoom>   <w:Compatibility>    <w:BreakWrappedTables\/>    <w:SnapToGridInCell\/>    <w:WrapTextWithPunct\/>    <w:UseAsianBreakRules\/>   <\/w:Compatibility>   <w:BrowserLevel>MicrosoftInternetExplorer4<\/w:BrowserLevel>  <\/w:WordDocument> <\/xml><![endif]--> <!-- \/* Style Definitions *\/ p.MsoNormal, li.MsoNormal, div.MsoNormal {mso-style-parent:\"\"; margin:0in; margin-bottom:.0001pt; mso-pagination:widow-orphan; font-size:12.0pt; font-family:\"Times New Roman\"; mso-fareast-font-family:\"Times New Roman\"; mso-ansi-language:FR;} @page Section1 {size:8.5in 11.0in; margin:1.0in 1.25in 1.0in 1.25in; mso-header-margin:.5in; mso-footer-margin:.5in; mso-paper-source:0;} div.Section1 {page:Section1;} --> <!-- [if gte mso 10]>\n\n\n\n<style>  \/* Style Definitions *\/  table.MsoNormalTable \t{mso-style-name:\"Table Normal\"; \tmso-tstyle-rowband-size:0; \tmso-tstyle-colband-size:0; \tmso-style-noshow:yes; \tmso-style-parent:\"\"; \tmso-padding-alt:0in 5.4pt 0in 5.4pt; \tmso-para-margin:0in; \tmso-para-margin-bottom:.0001pt; \tmso-pagination:widow-orphan; \tfont-size:10.0pt; \tfont-family:\"Times New Roman\";} <\/style>\n\n <![endif]--><\/p>\n<p class=\"MsoNormal\"><img decoding=\"async\" data-src=\"https:\/\/www.prva.hr\/images\/stories\/prva\/profesori\/liber.jpg\" alt=\"liber.jpg\" width=\"224\" height=\"168\" align=\"left\" border=\"0\" hspace=\"5\" vspace=\"3\" src=\"data:image\/svg+xml;base64,PHN2ZyB3aWR0aD0iMSIgaGVpZ2h0PSIxIiB4bWxucz0iaHR0cDovL3d3dy53My5vcmcvMjAwMC9zdmciPjwvc3ZnPg==\" class=\"lazyload\" style=\"--smush-placeholder-width: 224px; --smush-placeholder-aspect-ratio: 224\/168;\" \/><\/p>\n<p><!-- [if gte mso 9]><xml>  <w:WordDocument>   <w:View>Normal<\/w:View>   <w:Zoom>0<\/w:Zoom>   <w:HyphenationZone>21<\/w:HyphenationZone>   <w:PunctuationKerning\/>   <w:ValidateAgainstSchemas\/>   <w:SaveIfXMLInvalid>false<\/w:SaveIfXMLInvalid>   <w:IgnoreMixedContent>false<\/w:IgnoreMixedContent>   <w:AlwaysShowPlaceholderText>false<\/w:AlwaysShowPlaceholderText>   <w:Compatibility>    <w:BreakWrappedTables\/>    <w:SnapToGridInCell\/>    <w:WrapTextWithPunct\/>    <w:UseAsianBreakRules\/>    <w:DontGrowAutofit\/>    <w:UseFELayout\/>   <\/w:Compatibility>   <w:BrowserLevel>MicrosoftInternetExplorer4<\/w:BrowserLevel>  <\/w:WordDocument> <\/xml><![endif]--><!-- [if gte mso 9]><xml>  <w:LatentStyles DefLockedState=\"false\" LatentStyleCount=\"156\">  <\/w:LatentStyles> <\/xml><![endif]--> <!-- \/* Font Definitions *\/ @font-face {font-family:\"Trebuchet MS\"; panose-1:2 11 6 3 2 2 2 2 2 4; mso-font-charset:238; mso-generic-font-family:swiss; mso-font-pitch:variable; mso-font-signature:647 0 0 0 159 0;} \/* Style Definitions *\/ p.MsoNormal, li.MsoNormal, div.MsoNormal {mso-style-parent:\"\"; margin:0cm; margin-bottom:.0001pt; mso-pagination:widow-orphan; font-size:10.0pt; font-family:\"Times New Roman\"; mso-fareast-font-family:\"Times New Roman\"; mso-ansi-language:EN-US; mso-fareast-language:HR;} p {mso-margin-top-alt:auto; margin-right:0cm; mso-margin-bottom-alt:auto; margin-left:0cm; mso-pagination:widow-orphan; font-size:12.0pt; font-family:\"Times New Roman\"; mso-fareast-font-family:\"Times New Roman\"; mso-fareast-language:HR;} @page Section1 {size:595.3pt 841.9pt; margin:70.85pt 70.85pt 70.85pt 70.85pt; mso-header-margin:35.4pt; mso-footer-margin:35.4pt; mso-paper-source:0;} div.Section1 {page:Section1;} --> <!-- [if gte mso 10]>\n\n\n\n<style>  \/* Style Definitions *\/  table.MsoNormalTable \t{mso-style-name:\"Obi\u010dna tablica\"; \tmso-tstyle-rowband-size:0; \tmso-tstyle-colband-size:0; \tmso-style-noshow:yes; \tmso-style-parent:\"\"; \tmso-padding-alt:0cm 5.4pt 0cm 5.4pt; \tmso-para-margin:0cm; \tmso-para-margin-bottom:.0001pt; \tmso-pagination:widow-orphan; \tfont-size:10.0pt; \tfont-family:\"Times New Roman\"; \tmso-fareast-font-family:\"Times New Roman\"; \tmso-ansi-language:#0400; \tmso-fareast-language:#0400; \tmso-bidi-language:#0400;} <\/style>\n\n <![endif]--><\/p>\n<p><span style=\"font-family: helvetica;\"><span style=\"font-size: 8.5pt; font-family: 'Trebuchet MS'; color: black;\">Ro\u0111ena i \u0161kolovala se u Zagrebu.<\/span><\/span><\/p>\n<p><span style=\"font-family: helvetica;\"><span style=\"font-size: 8.5pt; font-family: 'Trebuchet MS'; color: black;\">Studirala na Prirodoslovno-matemati\u010dkom fakultetu u Zagrebu dvopredmetni studij: biologija i kemija. <\/span><\/span><\/p>\n<p><span style=\"font-family: helvetica;\"><span style=\"font-size: 8.5pt; font-family: 'Trebuchet MS'; color: black;\">Godine 1990. diplomirala na Biolo\u0161kom odsjeku, na Zavodu za molekularnu biologiju. Od 1990. do 1999. godine radila u O.\u0160. Ante Star\u010devi\u0107, predavala biologiju i kemiju.<\/span><\/span><\/p>\n<p><span style=\"font-family: helvetica;\"><span style=\"font-size: 8.5pt; font-family: 'Trebuchet MS'; color: black;\">Od 1999. do danas radi i predaje kemiju u Prvoj. Svake godine sudjeluje s\u00a0 u\u010denicima na natjecanjima kemi\u010dara, te kao \u010dlanica \u017dupanijskog povjerenstva sudjeluje u organizaciji i provedbi \u0161kolskih, op\u0107inskih i \u017eupanijskih natjecanja iz kemije.<\/span><\/span><\/p>\n<p><span style=\"font-family: helvetica;\"><span style=\"font-size: 8.5pt; font-family: 'Trebuchet MS'; color: black;\">Od 1997. voditelj programa GLOBE (Globalno u\u010denje i opa\u017eanje za dobrobit okoli\u0161a). Od 1998. godine aktivni sudionik E-mail \u0161kole koja je pod okriljem Hrvatskog prirodoslovnog dru\u0161tva. Jedan od suradnika u izradi strategije i akcijskoga plana biolo\u0161ke raznolikosti Republike Hrvatske 1999. godine (ISBN 953-6793-04-0).<\/span><\/span><\/p>\n<p><span style=\"font-family: helvetica;\"><span style=\"font-size: 8.5pt; font-family: 'Trebuchet MS'; color: black;\">God. 2001. koautor Priru\u010dnika za u\u010ditelje kemije za 7. razred, te 2002. Priru\u010dnika za u\u010ditelje kemije za 8. razred.<br \/>\nGodine 2002. napredovala u zvanje profesor mentor.<br \/>\n<!-- [if !supportLineBreakNewLine]--><br \/>\n<!--[endif]--><\/span><\/span><\/p>\n<p class=\"MsoNormal\" style=\"margin-right: -14.4pt;\"><span style=\"font-family: helvetica;\"><span style=\"font-size: 9pt; font-family: 'Trebuchet MS';\">2002.\u00a0\u00a0\u00a0\u00a0\u00a0\u00a0\u00a0\u00a0\u00a0\u00a0\u00a0\u00a0\u00a0\u00a0\u00a0\u00a0 koautorica <strong>Priru\u010dnika za nastavnike kemije<\/strong> uz ud\u017ebenike Svijet tvari 1 i 2, za 7. i <\/span><\/span><\/p>\n<p class=\"MsoNormal\" style=\"margin-right: -14.4pt;\"><span style=\"font-family: helvetica;\"><span style=\"font-size: 9pt; font-family: 'Trebuchet MS';\">\u00a0\u00a0\u00a0\u00a0\u00a0\u00a0\u00a0\u00a0\u00a0\u00a0\u00a0\u00a0\u00a0\u00a0\u00a0\u00a0\u00a0\u00a0\u00a0\u00a0\u00a0\u00a0\u00a0 8. razred osnovne \u0161kole: &#8220;<\/span><\/span><\/p>\n<p class=\"MsoNormal\"><span style=\"font-family: helvetica;\"><span style=\"font-size: 9pt; font-family: 'Trebuchet MS';\">2003. \u00a0\u00a0\u00a0 <\/span><span style=\"font-size: 9pt; font-family: 'Trebuchet MS';\">suradnica<\/span> <span style=\"font-size: 9pt; font-family: 'Trebuchet MS';\">u<\/span> <span style=\"font-size: 9pt; font-family: 'Trebuchet MS';\">izradi<\/span> <span style=\"font-size: 9pt; font-family: 'Trebuchet MS';\">obrazovnog<\/span> <span style=\"font-size: 9pt; font-family: 'Trebuchet MS';\">filma<\/span><span style=\"font-size: 9pt; font-family: 'Trebuchet MS';\"> (<\/span><span style=\"font-size: 9pt; font-family: 'Trebuchet MS';\">video<\/span><span style=\"font-size: 9pt; font-family: 'Trebuchet MS';\">): &#8220;13 <\/span><span style=\"font-size: 9pt; font-family: 'Trebuchet MS';\">kemijskih<\/span> <span style=\"font-size: 9pt; font-family: 'Trebuchet MS';\">pokusa<\/span> <span style=\"font-size: 9pt; font-family: 'Trebuchet MS';\">od<\/span> <span style=\"font-size: 9pt; font-family: 'Trebuchet MS';\">vulkana<\/span> <span style=\"font-size: 9pt; font-family: 'Trebuchet MS';\">do<\/span> <span style=\"font-size: 9pt; font-family: 'Trebuchet MS';\">Lindana<\/span><span style=\"font-size: 9pt; font-family: 'Trebuchet MS';\">&#8220;<\/span><\/span><\/p>\n<p class=\"MsoNormal\" style=\"margin-right: -14.4pt;\"><span style=\"font-family: helvetica;\"><span style=\"font-size: 9pt; font-family: 'Trebuchet MS';\">2004.\u00a0\u00a0\u00a0\u00a0\u00a0\u00a0\u00a0\u00a0\u00a0\u00a0\u00a0\u00a0\u00a0\u00a0\u00a0\u00a0 koautorica <strong>Priru\u010dnika za nastavnike<\/strong> za tre\u0107i razred gimnazije: &#8220;Anorganska <\/span><\/span><\/p>\n<p class=\"MsoNormal\" style=\"margin-right: -14.4pt;\"><span style=\"font-family: helvetica;\"><span style=\"font-size: 9pt; font-family: 'Trebuchet MS';\">\u00a0\u00a0\u00a0\u00a0\u00a0\u00a0\u00a0\u00a0\u00a0\u00a0\u00a0\u00a0\u00a0\u00a0\u00a0\u00a0\u00a0\u00a0\u00a0\u00a0\u00a0\u00a0\u00a0 kemija&#8221;<\/span><\/span><\/p>\n<p class=\"MsoNormal\" style=\"margin-right: -14.4pt;\"><span style=\"font-family: helvetica;\"><span style=\"font-size: 9pt; font-family: 'Trebuchet MS';\">2006.\u00a0\u00a0\u00a0\u00a0\u00a0\u00a0\u00a0\u00a0\u00a0\u00a0\u00a0\u00a0\u00a0\u00a0\u00a0\u00a0 koautorica <strong>Priru\u010dnika za nastavnike<\/strong> kemije za I. razred gimnazije: &#8220;Op\u0107a kemija 1&#8221;<\/span><\/span><\/p>\n<p class=\"MsoNormal\" style=\"margin-right: -14.4pt;\"><span style=\"font-family: helvetica;\"><span style=\"font-size: 9pt; font-family: 'Trebuchet MS';\">\u00a0<\/span><\/span><\/p>\n<p class=\"MsoNormal\" style=\"margin-right: -14.4pt;\"><span style=\"font-family: helvetica;\"><span style=\"font-size: 9pt; font-family: 'Trebuchet MS';\">2007.\u00a0\u00a0\u00a0\u00a0\u00a0\u00a0\u00a0\u00a0\u00a0\u00a0\u00a0\u00a0\u00a0\u00a0\u00a0\u00a0 koautorica <strong>Ud\u017ebenika iz kemije<\/strong> za II: razred gimnazije: &#8220;Kemija 2&#8221;<\/span><\/span><\/p>\n<p class=\"MsoNormal\" style=\"margin-right: -14.4pt;\"><span style=\"font-family: helvetica;\"><span style=\"font-size: 9pt; font-family: 'Trebuchet MS';\">2007.\u00a0\u00a0\u00a0\u00a0\u00a0\u00a0\u00a0\u00a0\u00a0\u00a0\u00a0\u00a0\u00a0\u00a0\u00a0\u00a0 koautorica <strong>Radne bilje\u017enice<\/strong> iz kemije za II: razred gimnazije: &#8220;Kemija 2&#8221;<\/span><\/span><\/p>\n<p class=\"MsoNormal\" style=\"margin-right: -14.4pt;\"><span style=\"font-family: helvetica;\"><span style=\"font-size: 9pt; font-family: 'Trebuchet MS';\">2007.\u00a0\u00a0\u00a0\u00a0\u00a0\u00a0\u00a0\u00a0\u00a0\u00a0\u00a0\u00a0\u00a0\u00a0\u00a0\u00a0 koautorica <strong>Priru\u010dnika<\/strong> iz kemije za II: razred gimnazije: &#8220;Kemija 2&#8221;<\/span><\/span><\/p>\n<p class=\"MsoNormal\" style=\"margin: 0cm -14.4pt 0.0001pt 18pt;\"><span style=\"font-family: helvetica;\"><span style=\"font-size: 9pt; font-family: 'Trebuchet MS';\">\u00a0<\/span><\/span><\/p>\n<p class=\"MsoNormal\"><span style=\"font-family: helvetica;\"><span style=\"font-size: 9pt; font-family: 'Trebuchet MS';\">2008. napredovala u zvanje profesor savjetnik.<\/span><\/span><\/p>\n<p class=\"MsoNormal\"><span style=\"font-family: helvetica;\"><span style=\"font-size: 8.5pt; font-family: 'Trebuchet MS'; color: black;\">\u00a0<\/span><\/span><\/p>\n<p class=\"MsoNormal\"><span style=\"font-family: helvetica;\"><span style=\"font-size: 8.5pt; font-family: 'Trebuchet MS'; color: black;\">Od 1994. godine hobi: Mario i Bruno. Slobodno vrijeme provodi s obitelji I prijateljima, te na tribinama ko\u0161arka\u0161kih utakmica.<\/span><\/span><\/p>\n","protected":false},"excerpt":{"rendered":"<p>Ro\u0111ena i \u0161kolovala se u Zagrebu. Studirala na Prirodoslovno-matemati\u010dkom fakultetu u Zagrebu dvopredmetni studij: biologija i kemija. Godine 1990. diplomirala na Biolo\u0161kom odsjeku, na Zavodu za molekularnu biologiju. Od 1990. do 1999. godine radila u O.\u0160. Ante Star\u010devi\u0107, predavala biologiju i kemiju. Od 1999. do danas radi i predaje kemiju u Prvoj. Svake godine sudjeluje [&hellip;]<\/p>\n","protected":false},"author":1,"featured_media":0,"parent":0,"menu_order":0,"comment_status":"closed","ping_status":"closed","template":"","meta":{"_et_pb_use_builder":"","_et_pb_old_content":"","_et_gb_content_width":"","footnotes":""},"class_list":["post-3086","page","type-page","status-publish","hentry"],"_links":{"self":[{"href":"https:\/\/prva.hr\/index.php\/wp-json\/wp\/v2\/pages\/3086","targetHints":{"allow":["GET"]}}],"collection":[{"href":"https:\/\/prva.hr\/index.php\/wp-json\/wp\/v2\/pages"}],"about":[{"href":"https:\/\/prva.hr\/index.php\/wp-json\/wp\/v2\/types\/page"}],"author":[{"embeddable":true,"href":"https:\/\/prva.hr\/index.php\/wp-json\/wp\/v2\/users\/1"}],"replies":[{"embeddable":true,"href":"https:\/\/prva.hr\/index.php\/wp-json\/wp\/v2\/comments?post=3086"}],"version-history":[{"count":1,"href":"https:\/\/prva.hr\/index.php\/wp-json\/wp\/v2\/pages\/3086\/revisions"}],"predecessor-version":[{"id":3087,"href":"https:\/\/prva.hr\/index.php\/wp-json\/wp\/v2\/pages\/3086\/revisions\/3087"}],"wp:attachment":[{"href":"https:\/\/prva.hr\/index.php\/wp-json\/wp\/v2\/media?parent=3086"}],"curies":[{"name":"wp","href":"https:\/\/api.w.org\/{rel}","templated":true}]}}