{"id":3088,"date":"2017-03-24T18:51:31","date_gmt":"2017-03-24T17:51:31","guid":{"rendered":"http:\/\/www.prva.hr\/?page_id=3088"},"modified":"2018-03-24T18:52:16","modified_gmt":"2018-03-24T17:52:16","slug":"ivica-mandusic","status":"publish","type":"page","link":"https:\/\/prva.hr\/index.php\/ivica-mandusic\/","title":{"rendered":"Ivica Mandu\u0161i\u0107"},"content":{"rendered":"<p><img decoding=\"async\" data-src=\"https:\/\/www.prva.hr\/images\/stories\/prva\/profesori\/mandusic.jpg\" alt=\"mandusic.jpg\" width=\"214\" height=\"160\" align=\"left\" border=\"0\" hspace=\"5\" vspace=\"3\" src=\"data:image\/svg+xml;base64,PHN2ZyB3aWR0aD0iMSIgaGVpZ2h0PSIxIiB4bWxucz0iaHR0cDovL3d3dy53My5vcmcvMjAwMC9zdmciPjwvc3ZnPg==\" class=\"lazyload\" style=\"--smush-placeholder-width: 214px; --smush-placeholder-aspect-ratio: 214\/160;\" \/>Studirao dvopredmetni studij povijesti (Filozofski fakultet &#8211; Odsjek za povijest) i geografije (PMF &#8211; odsjek za geografiju). Diplomirao na Odsjeku za povijest s temom \u017dena i vlast u Francuskoj u XVIII. st.<\/p>\n<p>Prvo zaposlenje nakon studija dobio na II. gimnaziji u Zagrebu, zatim na I. tehni\u010dkoj \u0161koli, \u0160koli za cestovni promet te na Prvoj gimnaziji.<\/p>\n<p>O\u017eenjen. Aktivnosti u slobodno vrijeme: sport, \u010ditanje.<\/p>\n","protected":false},"excerpt":{"rendered":"<p>Studirao dvopredmetni studij povijesti (Filozofski fakultet &#8211; Odsjek za povijest) i geografije (PMF &#8211; odsjek za geografiju). Diplomirao na Odsjeku za povijest s temom \u017dena i vlast u Francuskoj u XVIII. st. Prvo zaposlenje nakon studija dobio na II. gimnaziji u Zagrebu, zatim na I. tehni\u010dkoj \u0161koli, \u0160koli za cestovni promet te na Prvoj gimnaziji. [&hellip;]<\/p>\n","protected":false},"author":1,"featured_media":0,"parent":0,"menu_order":0,"comment_status":"closed","ping_status":"closed","template":"","meta":{"_et_pb_use_builder":"","_et_pb_old_content":"","_et_gb_content_width":"","footnotes":""},"class_list":["post-3088","page","type-page","status-publish","hentry"],"_links":{"self":[{"href":"https:\/\/prva.hr\/index.php\/wp-json\/wp\/v2\/pages\/3088","targetHints":{"allow":["GET"]}}],"collection":[{"href":"https:\/\/prva.hr\/index.php\/wp-json\/wp\/v2\/pages"}],"about":[{"href":"https:\/\/prva.hr\/index.php\/wp-json\/wp\/v2\/types\/page"}],"author":[{"embeddable":true,"href":"https:\/\/prva.hr\/index.php\/wp-json\/wp\/v2\/users\/1"}],"replies":[{"embeddable":true,"href":"https:\/\/prva.hr\/index.php\/wp-json\/wp\/v2\/comments?post=3088"}],"version-history":[{"count":1,"href":"https:\/\/prva.hr\/index.php\/wp-json\/wp\/v2\/pages\/3088\/revisions"}],"predecessor-version":[{"id":3089,"href":"https:\/\/prva.hr\/index.php\/wp-json\/wp\/v2\/pages\/3088\/revisions\/3089"}],"wp:attachment":[{"href":"https:\/\/prva.hr\/index.php\/wp-json\/wp\/v2\/media?parent=3088"}],"curies":[{"name":"wp","href":"https:\/\/api.w.org\/{rel}","templated":true}]}}