{"id":3090,"date":"2017-03-24T18:52:47","date_gmt":"2017-03-24T17:52:47","guid":{"rendered":"http:\/\/www.prva.hr\/?page_id=3090"},"modified":"2018-03-24T18:53:31","modified_gmt":"2018-03-24T17:53:31","slug":"goranka-markovic","status":"publish","type":"page","link":"https:\/\/prva.hr\/index.php\/goranka-markovic\/","title":{"rendered":"Goranka Markovi\u0107"},"content":{"rendered":"<p><img decoding=\"async\" data-src=\"https:\/\/www.prva.hr\/images\/stories\/prva\/profesori\/markovic.jpg\" alt=\"markovic.jpg\" width=\"256\" height=\"192\" align=\"left\" border=\"0\" hspace=\"5\" vspace=\"3\" src=\"data:image\/svg+xml;base64,PHN2ZyB3aWR0aD0iMSIgaGVpZ2h0PSIxIiB4bWxucz0iaHR0cDovL3d3dy53My5vcmcvMjAwMC9zdmciPjwvc3ZnPg==\" class=\"lazyload\" style=\"--smush-placeholder-width: 256px; --smush-placeholder-aspect-ratio: 256\/192;\" \/><!-- [if gte mso 9]><xml>  <w:WordDocument>   <w:View>Normal<\/w:View>   <w:Zoom>0<\/w:Zoom>   <w:Compatibility>    <w:BreakWrappedTables\/>    <w:SnapToGridInCell\/>    <w:WrapTextWithPunct\/>    <w:UseAsianBreakRules\/>   <\/w:Compatibility>   <w:BrowserLevel>MicrosoftInternetExplorer4<\/w:BrowserLevel>  <\/w:WordDocument> <\/xml><![endif]--><!-- [if !mso]>\n\n\n<div classid=\"clsid:38481807-CA0E-42D2-BF39-B33AF135CC4D\" id=ieooui><\/div>\n\n\n\n\n<style> st1\\:*{behavior:url(#ieooui) }st2\\:*{behavior:url(#ieooui) } <\/style>\n\n <![endif]--> <!-- \/* Style Definitions *\/ p.MsoNormal, li.MsoNormal, div.MsoNormal {mso-style-parent:\"\"; margin:0in; margin-bottom:.0001pt; mso-pagination:widow-orphan; font-size:12.0pt; font-family:\"Times New Roman\"; mso-fareast-font-family:\"Times New Roman\"; mso-ansi-language:FR;} @page Section1 {size:8.5in 11.0in; margin:1.0in 1.25in 1.0in 1.25in; mso-header-margin:.5in; mso-footer-margin:.5in; mso-paper-source:0;} div.Section1 {page:Section1;} --> <!-- [if gte mso 10]>\n\n\n\n<style>  \/* Style Definitions *\/  table.MsoNormalTable \t{mso-style-name:\"Table Normal\"; \tmso-tstyle-rowband-size:0; \tmso-tstyle-colband-size:0; \tmso-style-noshow:yes; \tmso-style-parent:\"\"; \tmso-padding-alt:0in 5.4pt 0in 5.4pt; \tmso-para-margin:0in; \tmso-para-margin-bottom:.0001pt; \tmso-pagination:widow-orphan; \tfont-size:10.0pt; \tfont-family:\"Times New Roman\";} <\/style>\n\n <![endif]--><!-- [if gte mso 9]><xml>  <w:WordDocument>   <w:View>Normal<\/w:View>   <w:Zoom>0<\/w:Zoom>   <w:Compatibility>    <w:BreakWrappedTables\/>    <w:SnapToGridInCell\/>    <w:WrapTextWithPunct\/>    <w:UseAsianBreakRules\/>   <\/w:Compatibility>   <w:BrowserLevel>MicrosoftInternetExplorer4<\/w:BrowserLevel>  <\/w:WordDocument> <\/xml><![endif]--><!-- [if !mso]>\n\n\n<div classid=\"clsid:38481807-CA0E-42D2-BF39-B33AF135CC4D\" id=ieooui><\/div>\n\n\n\n\n<style> st1\\:*{behavior:url(#ieooui) }st2\\:*{behavior:url(#ieooui) } <\/style>\n\n <![endif]--> <!-- \/* Style Definitions *\/ p.MsoNormal, li.MsoNormal, div.MsoNormal {mso-style-parent:\"\"; margin:0in; margin-bottom:.0001pt; mso-pagination:widow-orphan; font-size:12.0pt; font-family:\"Times New Roman\"; mso-fareast-font-family:\"Times New Roman\"; mso-ansi-language:FR;} @page Section1 {size:8.5in 11.0in; margin:1.0in 1.25in 1.0in 1.25in; mso-header-margin:.5in; mso-footer-margin:.5in; mso-paper-source:0;} div.Section1 {page:Section1;} --> <!-- [if gte mso 10]>\n\n\n\n<style>  \/* Style Definitions *\/  table.MsoNormalTable \t{mso-style-name:\"Table Normal\"; \tmso-tstyle-rowband-size:0; \tmso-tstyle-colband-size:0; \tmso-style-noshow:yes; \tmso-style-parent:\"\"; \tmso-padding-alt:0in 5.4pt 0in 5.4pt; \tmso-para-margin:0in; \tmso-para-margin-bottom:.0001pt; \tmso-pagination:widow-orphan; \tfont-size:10.0pt; \tfont-family:\"Times New Roman\";} <\/style>\n\n <![endif]--><\/p>\n<p class=\"MsoNormal\">Ro\u0111ena u Zagrebu u znaku strijelca. Nakon zavr\u0161enog studija geografije na Prirodoslovno-matemati\u010dkom fakultetu u Zagrebu 1993. godine, zapo\u010dinje svoj nastavni\u010dki sta\u017e u Elektrotehni\u010dkoj \u0161koli &#8211; Zagreb. Jednu \u0161kolsku godinu predaje geografiju i u Upravnoj i birotehni\u010dkoj \u0161koli u Zagrebu. Od 1995. godine radi kao nastavnica geografije u I. gimnaziji, a od 1996. do 2006. godine obna\u0161a i du\u017enost voditeljice nastave. Godine 2003. promovirana je u zvanje profesora mentora.<br \/>\nKao mentorica u\u010denicima, svake godine sudjeluje na susretima (natjecanjima) geografa. Kao \u010dlanica povjerenstava, niz godina sudjeluje u organizaciji i provedbi \u0161kolskih, podru\u010dnih i \u017eupanijskih natjecanja iz geografije, a od \u0161kolske godine 2001.\/2002. \u010dlanica je Dr\u017eavnog povjerenstva za provedbu natjecanja iz geografije. Od \u0161k. god. 2006.\/2007.\u00a0 \u010dlanica je Dr\u017eavnog povjerenstva ekolo\u0161kog kviza \u201eLijepa na\u0161a\u201c.<\/p>\n<p class=\"MsoNormal\">Svoju ljubav prema nastavni\u010dkom pozivu i geografiji poku\u0161ava predo\u010diti kroz ud\u017ebenike i nastavni\u010dke priru\u010dnike sudjeluju\u0107i u njihovoj izradi. Koautorica je ud\u017ebenika za 8. razred te gimnazijskih ud\u017ebenika za 1., 2., 3. i 4. razred. Osim autorstva, u ud\u017ebeni\u010dkoj literaturi prisutna je i kao recenzent.<br \/>\nOd \u0161k. god. 2002.\/2003. sura\u0111uje s Geografskim odsjekom PMF-a kao mentorica studentima, a od \u0161k. god. 2005.\/2006. \u010dlanica je povjerenstva za polaganje stru\u010dnih ispita. Tri godine obna\u0161ala je du\u017enost voditeljice Stru\u010dnog vije\u0107a profesora geografije Grada Zagreba (za gimnazije).<br \/>\n\u010clanica je Upravnog odbora Hrvatskog geografskog dru\u0161tva.<br \/>\nKao tipi\u010dan strijelac voli sport, putovanja i zabavu. U slobodno vrijeme (kada ga na\u0111e) planinari, fotografira, svira, slika ili se bavi sportom. \u010clanica je prve postave profesorske odbojka\u0161ke ekipe i profesorske pliva\u010dke \u0161tafete I. gimnazije, \u00a0prvakinja i viceprvakinja I. gimnazije u badmintonu, viceprvakinja I. gimnazije u stolnom tenisu, \u010dlanica uspje\u0161ne profesorske \u017eenske malonogometne ekipe, a po potrebi i trka\u010dica na duge staze (sudjelovanje na Novogodi\u0161njoj utrci u Vara\u017edinu, na Zagreba\u010dkom i Plitvi\u010dkom maratonu &#8211; 14 km i 7 km).<br \/>\nI mala tajna (vrijedno je znati) &#8211; jako voli kola\u010de!<\/p>\n<p class=\"MsoNormal\">\n","protected":false},"excerpt":{"rendered":"<p>Ro\u0111ena u Zagrebu u znaku strijelca. Nakon zavr\u0161enog studija geografije na Prirodoslovno-matemati\u010dkom fakultetu u Zagrebu 1993. godine, zapo\u010dinje svoj nastavni\u010dki sta\u017e u Elektrotehni\u010dkoj \u0161koli &#8211; Zagreb. Jednu \u0161kolsku godinu predaje geografiju i u Upravnoj i birotehni\u010dkoj \u0161koli u Zagrebu. Od 1995. godine radi kao nastavnica geografije u I. gimnaziji, a od 1996. do 2006. godine [&hellip;]<\/p>\n","protected":false},"author":1,"featured_media":0,"parent":0,"menu_order":0,"comment_status":"closed","ping_status":"closed","template":"","meta":{"_et_pb_use_builder":"","_et_pb_old_content":"","_et_gb_content_width":"","footnotes":""},"class_list":["post-3090","page","type-page","status-publish","hentry"],"_links":{"self":[{"href":"https:\/\/prva.hr\/index.php\/wp-json\/wp\/v2\/pages\/3090","targetHints":{"allow":["GET"]}}],"collection":[{"href":"https:\/\/prva.hr\/index.php\/wp-json\/wp\/v2\/pages"}],"about":[{"href":"https:\/\/prva.hr\/index.php\/wp-json\/wp\/v2\/types\/page"}],"author":[{"embeddable":true,"href":"https:\/\/prva.hr\/index.php\/wp-json\/wp\/v2\/users\/1"}],"replies":[{"embeddable":true,"href":"https:\/\/prva.hr\/index.php\/wp-json\/wp\/v2\/comments?post=3090"}],"version-history":[{"count":1,"href":"https:\/\/prva.hr\/index.php\/wp-json\/wp\/v2\/pages\/3090\/revisions"}],"predecessor-version":[{"id":3091,"href":"https:\/\/prva.hr\/index.php\/wp-json\/wp\/v2\/pages\/3090\/revisions\/3091"}],"wp:attachment":[{"href":"https:\/\/prva.hr\/index.php\/wp-json\/wp\/v2\/media?parent=3090"}],"curies":[{"name":"wp","href":"https:\/\/api.w.org\/{rel}","templated":true}]}}