{"id":3094,"date":"2017-03-24T18:56:48","date_gmt":"2017-03-24T17:56:48","guid":{"rendered":"http:\/\/www.prva.hr\/?page_id=3094"},"modified":"2018-03-24T18:57:32","modified_gmt":"2018-03-24T17:57:32","slug":"meri-matusan","status":"publish","type":"page","link":"https:\/\/prva.hr\/index.php\/meri-matusan\/","title":{"rendered":"Meri Matu\u0161an"},"content":{"rendered":"<p><img decoding=\"async\" data-src=\"https:\/\/www.prva.hr\/images\/stories\/prva\/profesori\/matusan.jpg\" alt=\"matusan.jpg\" width=\"230\" height=\"172\" align=\"left\" border=\"0\" hspace=\"7\" vspace=\"1\" src=\"data:image\/svg+xml;base64,PHN2ZyB3aWR0aD0iMSIgaGVpZ2h0PSIxIiB4bWxucz0iaHR0cDovL3d3dy53My5vcmcvMjAwMC9zdmciPjwvc3ZnPg==\" class=\"lazyload\" style=\"--smush-placeholder-width: 230px; --smush-placeholder-aspect-ratio: 230\/172;\" \/>Ro\u0111ena Primorka (s otoka Raba), diplomirala je na Fakultetu za fizi\u010dku kulturu u Zagrebu 1989. godine. Profesionalnu karijeru zapo\u010dela je u Klasi\u010dnoj gimnaziji &#8211; Zagreb, a u Prvu gimnaziju dolazi 1991. godine. Unazad nekoliko godina mentor je studentima za javna i individualna predavanja. Prije dvije godine stje\u010de naziv profesora-mentora i aktivno sudjeluje na stru\u010dnim skupovima pedagoga fizi\u010dke kulture.<\/p>\n<p>Pored redovne nastave organizira me\u0111urazredna prvenstva i turnire. Ve\u0107 pet godina organizator je Gradskog prvenstva srednjih \u0161kola u odbojci. Voditeljica je mu\u0161ke i \u017eenske odbojka\u0161ke reprezentacije \u0161kole i aktivna \u010dlanica planinarske sekcije. U najve\u0107e trenerske uspjehe ubraja: dvije bron\u010dane medalje \u017eenske reprezentacije na Prvenstvu Grada; zlato i srebro u plivanju (\u017eenska \u0161tafeta) na Prvenstvu Grada. Profesionalni cilj joj je omasovljavanje sporta.<\/p>\n<p>Slobodno vrijeme uglavnom provodi u \u0161kolskoj dvorani, ali i na planinarskim stazama. Aktivno se bavi sportom kao voditeljica aerobika. Obo\u017eava jogging i dva puta godi\u0161nje istr\u010dava polumaratone. Poznata je kao &#8220;veseli duh&#8221; zbornice. Svira gitaru, pe\u010de fine pala\u010dinke.<\/p>\n","protected":false},"excerpt":{"rendered":"<p>Ro\u0111ena Primorka (s otoka Raba), diplomirala je na Fakultetu za fizi\u010dku kulturu u Zagrebu 1989. godine. Profesionalnu karijeru zapo\u010dela je u Klasi\u010dnoj gimnaziji &#8211; Zagreb, a u Prvu gimnaziju dolazi 1991. godine. Unazad nekoliko godina mentor je studentima za javna i individualna predavanja. Prije dvije godine stje\u010de naziv profesora-mentora i aktivno sudjeluje na stru\u010dnim skupovima [&hellip;]<\/p>\n","protected":false},"author":1,"featured_media":0,"parent":0,"menu_order":0,"comment_status":"closed","ping_status":"closed","template":"","meta":{"_et_pb_use_builder":"","_et_pb_old_content":"","_et_gb_content_width":"","footnotes":""},"class_list":["post-3094","page","type-page","status-publish","hentry"],"_links":{"self":[{"href":"https:\/\/prva.hr\/index.php\/wp-json\/wp\/v2\/pages\/3094","targetHints":{"allow":["GET"]}}],"collection":[{"href":"https:\/\/prva.hr\/index.php\/wp-json\/wp\/v2\/pages"}],"about":[{"href":"https:\/\/prva.hr\/index.php\/wp-json\/wp\/v2\/types\/page"}],"author":[{"embeddable":true,"href":"https:\/\/prva.hr\/index.php\/wp-json\/wp\/v2\/users\/1"}],"replies":[{"embeddable":true,"href":"https:\/\/prva.hr\/index.php\/wp-json\/wp\/v2\/comments?post=3094"}],"version-history":[{"count":1,"href":"https:\/\/prva.hr\/index.php\/wp-json\/wp\/v2\/pages\/3094\/revisions"}],"predecessor-version":[{"id":3095,"href":"https:\/\/prva.hr\/index.php\/wp-json\/wp\/v2\/pages\/3094\/revisions\/3095"}],"wp:attachment":[{"href":"https:\/\/prva.hr\/index.php\/wp-json\/wp\/v2\/media?parent=3094"}],"curies":[{"name":"wp","href":"https:\/\/api.w.org\/{rel}","templated":true}]}}