{"id":347,"date":"2017-06-13T12:40:40","date_gmt":"2017-06-13T10:40:40","guid":{"rendered":"http:\/\/www2.prva.hr\/?page_id=347"},"modified":"2017-06-13T12:42:17","modified_gmt":"2017-06-13T10:42:17","slug":"raspored-pisanih-provjera","status":"publish","type":"page","link":"https:\/\/prva.hr\/index.php\/raspored-pisanih-provjera\/","title":{"rendered":"RASPORED PISANIH PROVJERA"},"content":{"rendered":"<p>&nbsp;<\/p>\n<table class=\"contentpaneopen\">\n<tbody>\n<tr>\n<td class=\"createdate\" valign=\"top\">\u010cetvrtak, 02 O\u017eujak 2017 13:55<\/td>\n<\/tr>\n<tr>\n<td valign=\"top\">Ovdje mo\u017eete pogledati vremenik\u00a0koji se po\u010dinje primjenjivati od 6. o\u017eujka 2017. Pratite promjene termina (ozna\u010dene su crvenom bojom)!<\/p>\n<p><a href=\"http:\/\/prva.hr\/images\/pdf\/2.%20polugodiste-%20promjene%20od%2018.4.pdf\" target=\"_blank\"><img decoding=\"async\" data-src=\"http:\/\/prva.hr\/components\/com_filepicker\/assets\/images\/filetypes\/default.gif\" alt=\"file icon xls\" border=\"0\" src=\"data:image\/svg+xml;base64,PHN2ZyB3aWR0aD0iMSIgaGVpZ2h0PSIxIiB4bWxucz0iaHR0cDovL3d3dy53My5vcmcvMjAwMC9zdmciPjwvc3ZnPg==\" class=\"lazyload\" \/> vremenik pisanih provjera \u00a0&#8211; SIJE\u010cANJ-TRAVANJ<\/a><\/p>\n<p><a href=\"http:\/\/prva.hr\/images\/pdf\/2.%20polugodiste-%20promjene%20od%2027.4..pdf\" target=\"_blank\"><img decoding=\"async\" data-src=\"http:\/\/prva.hr\/components\/com_filepicker\/assets\/images\/filetypes\/default.gif\" alt=\"file icon xls\" border=\"0\" src=\"data:image\/svg+xml;base64,PHN2ZyB3aWR0aD0iMSIgaGVpZ2h0PSIxIiB4bWxucz0iaHR0cDovL3d3dy53My5vcmcvMjAwMC9zdmciPjwvc3ZnPg==\" class=\"lazyload\" \/> vremenik pisanih provjera -SVIBANJ<\/a><\/p>\n<p><img decoding=\"async\" data-src=\"http:\/\/prva.hr\/components\/com_filepicker\/assets\/images\/filetypes\/default.gif\" alt=\"file icon xls\" border=\"0\" src=\"data:image\/svg+xml;base64,PHN2ZyB3aWR0aD0iMSIgaGVpZ2h0PSIxIiB4bWxucz0iaHR0cDovL3d3dy53My5vcmcvMjAwMC9zdmciPjwvc3ZnPg==\" class=\"lazyload\" \/> <a href=\"http:\/\/prva.hr\/images\/pdf\/Vremenik%20pisanih%20provjera-%206.6..pdf\" target=\"_blank\">vremenik pisanih provjera -22.05.2017<\/a><\/p>\n<p>&nbsp;<\/p>\n<p>Izmjena:<\/p>\n<p>Profesorica Snje\u017eana Liber &#8211; <strong>kemija<\/strong><\/p>\n<p><strong>1.c &#8211; <\/strong>4. svibanj, novi termin<strong> &#8211;<\/strong>&gt;\u00a0<strong>9. svibanj<\/strong><\/p>\n<p><strong>1.a &#8211;<\/strong> 5. svibanj, novi termin -&gt;<strong> 12. svibanj<\/strong><\/p>\n<p><strong>1.e &#8211;<\/strong> 5. svibanj, novi termin -&gt;<strong> 10. svibanj<\/strong><\/p>\n<p>&nbsp;<\/p>\n<p>Profesorica Serdarevi\u0107<strong> &#8211; fizika<\/strong><\/p>\n<p><strong>4.a &#8211; <\/strong>termin pisanja ispita -&gt;<strong> 12. svibanj<br \/>\n<\/strong><\/p>\n<p>Profesorica Kocijan &#8211; <strong>hrvatski jezik<\/strong><\/p>\n<p><strong>3.d<\/strong> &#8211; termin pisanja ispita -&gt;<strong>18.svibanj<\/strong><\/td>\n<\/tr>\n<\/tbody>\n<\/table>\n","protected":false},"excerpt":{"rendered":"<p>&nbsp; \u010cetvrtak, 02 O\u017eujak 2017 13:55 Ovdje mo\u017eete pogledati vremenik\u00a0koji se po\u010dinje primjenjivati od 6. o\u017eujka 2017. Pratite promjene termina (ozna\u010dene su crvenom bojom)! vremenik pisanih provjera \u00a0&#8211; SIJE\u010cANJ-TRAVANJ vremenik pisanih provjera -SVIBANJ vremenik pisanih provjera -22.05.2017 &nbsp; Izmjena: Profesorica Snje\u017eana Liber &#8211; kemija 1.c &#8211; 4. svibanj, novi termin &#8211;&gt;\u00a09. svibanj 1.a &#8211; 5. [&hellip;]<\/p>\n","protected":false},"author":1,"featured_media":0,"parent":0,"menu_order":0,"comment_status":"closed","ping_status":"closed","template":"","meta":{"_et_pb_use_builder":"","_et_pb_old_content":"","_et_gb_content_width":"","footnotes":""},"class_list":["post-347","page","type-page","status-publish","hentry"],"_links":{"self":[{"href":"https:\/\/prva.hr\/index.php\/wp-json\/wp\/v2\/pages\/347","targetHints":{"allow":["GET"]}}],"collection":[{"href":"https:\/\/prva.hr\/index.php\/wp-json\/wp\/v2\/pages"}],"about":[{"href":"https:\/\/prva.hr\/index.php\/wp-json\/wp\/v2\/types\/page"}],"author":[{"embeddable":true,"href":"https:\/\/prva.hr\/index.php\/wp-json\/wp\/v2\/users\/1"}],"replies":[{"embeddable":true,"href":"https:\/\/prva.hr\/index.php\/wp-json\/wp\/v2\/comments?post=347"}],"version-history":[{"count":1,"href":"https:\/\/prva.hr\/index.php\/wp-json\/wp\/v2\/pages\/347\/revisions"}],"predecessor-version":[{"id":348,"href":"https:\/\/prva.hr\/index.php\/wp-json\/wp\/v2\/pages\/347\/revisions\/348"}],"wp:attachment":[{"href":"https:\/\/prva.hr\/index.php\/wp-json\/wp\/v2\/media?parent=347"}],"curies":[{"name":"wp","href":"https:\/\/api.w.org\/{rel}","templated":true}]}}