{"id":369,"date":"2017-06-13T13:24:38","date_gmt":"2017-06-13T11:24:38","guid":{"rendered":"http:\/\/www2.prva.hr\/?page_id=369"},"modified":"2026-02-04T11:29:58","modified_gmt":"2026-02-04T10:29:58","slug":"skolska-ambulanta","status":"publish","type":"page","link":"https:\/\/prva.hr\/index.php\/skolska-ambulanta\/","title":{"rendered":"\u0160KOLSKA AMBULANTA"},"content":{"rendered":"<p>Ivana Au\u0161perger Majcen, dr. med.<\/p>\n<p>Biserka Bokuli\u0107, bacc.med.techn.<\/p>\n<p>DZ Siget, Av. Ve\u0107eslava Holjevca 22<\/p>\n<p>tel. 01\/6551554<\/p>\n<p>Radno vrijeme:<\/p>\n<p>Parni dani &#8211; prije podne<\/p>\n<p>Neparni dani &#8211; poslije podne<\/p>\n<p>Naru\u010divanje i informacije: <a href=\"siget1@stampar.hr\">siget1@stampar.hr<\/a><\/p>\n","protected":false},"excerpt":{"rendered":"<p>Ivana Au\u0161perger Majcen, dr. med. Biserka Bokuli\u0107, bacc.med.techn. DZ Siget, Av. Ve\u0107eslava Holjevca 22 tel. 01\/6551554 Radno vrijeme: Parni dani &#8211; prije podne Neparni dani &#8211; poslije podne Naru\u010divanje i informacije: siget1@stampar.hr<\/p>\n","protected":false},"author":1,"featured_media":0,"parent":0,"menu_order":0,"comment_status":"closed","ping_status":"closed","template":"","meta":{"_et_pb_use_builder":"","_et_pb_old_content":"","_et_gb_content_width":"","footnotes":""},"class_list":["post-369","page","type-page","status-publish","hentry"],"_links":{"self":[{"href":"https:\/\/prva.hr\/index.php\/wp-json\/wp\/v2\/pages\/369","targetHints":{"allow":["GET"]}}],"collection":[{"href":"https:\/\/prva.hr\/index.php\/wp-json\/wp\/v2\/pages"}],"about":[{"href":"https:\/\/prva.hr\/index.php\/wp-json\/wp\/v2\/types\/page"}],"author":[{"embeddable":true,"href":"https:\/\/prva.hr\/index.php\/wp-json\/wp\/v2\/users\/1"}],"replies":[{"embeddable":true,"href":"https:\/\/prva.hr\/index.php\/wp-json\/wp\/v2\/comments?post=369"}],"version-history":[{"count":3,"href":"https:\/\/prva.hr\/index.php\/wp-json\/wp\/v2\/pages\/369\/revisions"}],"predecessor-version":[{"id":22978,"href":"https:\/\/prva.hr\/index.php\/wp-json\/wp\/v2\/pages\/369\/revisions\/22978"}],"wp:attachment":[{"href":"https:\/\/prva.hr\/index.php\/wp-json\/wp\/v2\/media?parent=369"}],"curies":[{"name":"wp","href":"https:\/\/api.w.org\/{rel}","templated":true}]}}