{"id":371,"date":"2017-02-24T13:25:39","date_gmt":"2017-02-24T12:25:39","guid":{"rendered":"http:\/\/www2.prva.hr\/?page_id=371"},"modified":"2017-06-13T13:26:15","modified_gmt":"2017-06-13T11:26:15","slug":"strucni-ispiti","status":"publish","type":"page","link":"https:\/\/prva.hr\/index.php\/strucni-ispiti\/","title":{"rendered":"STRU\u010cNI ISPITI"},"content":{"rendered":"<p>Informacije o iznosima za uplatu u slu\u010daju ponovnog polaganja stru\u010dnog ispita mo\u017eete pogledati <a href=\"http:\/\/prva.hr\/images\/pdf\/STRUCNI%20ISPITI.docx\" target=\"_blank\">ovdje<\/a><\/p>\n","protected":false},"excerpt":{"rendered":"<p>Informacije o iznosima za uplatu u slu\u010daju ponovnog polaganja stru\u010dnog ispita mo\u017eete pogledati ovdje<\/p>\n","protected":false},"author":1,"featured_media":0,"parent":0,"menu_order":0,"comment_status":"closed","ping_status":"closed","template":"","meta":{"_et_pb_use_builder":"","_et_pb_old_content":"","_et_gb_content_width":"","footnotes":""},"class_list":["post-371","page","type-page","status-publish","hentry"],"_links":{"self":[{"href":"https:\/\/prva.hr\/index.php\/wp-json\/wp\/v2\/pages\/371","targetHints":{"allow":["GET"]}}],"collection":[{"href":"https:\/\/prva.hr\/index.php\/wp-json\/wp\/v2\/pages"}],"about":[{"href":"https:\/\/prva.hr\/index.php\/wp-json\/wp\/v2\/types\/page"}],"author":[{"embeddable":true,"href":"https:\/\/prva.hr\/index.php\/wp-json\/wp\/v2\/users\/1"}],"replies":[{"embeddable":true,"href":"https:\/\/prva.hr\/index.php\/wp-json\/wp\/v2\/comments?post=371"}],"version-history":[{"count":1,"href":"https:\/\/prva.hr\/index.php\/wp-json\/wp\/v2\/pages\/371\/revisions"}],"predecessor-version":[{"id":372,"href":"https:\/\/prva.hr\/index.php\/wp-json\/wp\/v2\/pages\/371\/revisions\/372"}],"wp:attachment":[{"href":"https:\/\/prva.hr\/index.php\/wp-json\/wp\/v2\/media?parent=371"}],"curies":[{"name":"wp","href":"https:\/\/api.w.org\/{rel}","templated":true}]}}