{"id":380,"date":"2017-05-10T07:36:45","date_gmt":"2017-05-10T05:36:45","guid":{"rendered":"http:\/\/www2.prva.hr\/?page_id=380"},"modified":"2017-06-14T07:45:45","modified_gmt":"2017-06-14T05:45:45","slug":"crveni-kriz","status":"publish","type":"page","link":"https:\/\/prva.hr\/index.php\/crveni-kriz\/","title":{"rendered":"CRVENI KRI\u017d"},"content":{"rendered":"<p>CRVENI\u00a0 KRI\u017d<\/p>\n<p>[envira-gallery id=&#8221;382&#8243;]<\/p>\n<p>Crveni kri\u017e kao izvannastavna aktivnost ima dugogodi\u0161nju tradiciju u Prvoj gimnaziji.<\/p>\n<p>U sklopu ove aktivnosti svake godine se odr\u017eava natjecanje iz Prve pomo\u0107i a u\u010denici \u010detvrtih razreda koji su\u00a0 navr\u0161ili 18 godina kao i profesori i tehni\u010dko osoblje na\u0161e gimnazije uklju\u010duje se u akciju Dobrovoljnog darivanja krvi koja se odr\u017eava u na\u0161oj \u0161koli.<\/p>\n<p>Ekipu Prve pomo\u0107i \u010dini 6 u\u010denika izabranih prema svojim sklonostima i pismenom uratku Humanih vrednota i pru\u017eanja prve pomo\u0107i.<\/p>\n<p>Svi susreti odnosno vje\u017ebanja prakti\u010dno i pisano odr\u017eavaju se u prostorijama Prve gimnazije .Uhodana je praksa da stariji i iskusniji u\u010denici koji su sudjelovali u provo\u0111enju Prve pomo\u0107i kao i natjecanju obu\u010davaju mla\u0111e nara\u0161taje. Najzabavniji i najedukativniji dio je odlazak ekipe ( izabranih 12) u Novi Vinodolski na obuku u Dom Crvenog kri\u017ea.<\/p>\n<p>2008. je godina za pam\u0107enje kao i ekipa za pam\u0107enje: osvojili su prvo mjesto na podru\u010dnom i gradskom natjecanju i sudjelovali na dr\u017eavnom natjecanju u Zadru. Ove 2017, godine pehar s podru\u010dnog natjecanja nakon tri godine ponovno je vra\u0107en u Prvu. Svi su izlo\u017eeni u ormaru u holu na\u0161e gimnazije.<\/p>\n<p>Svi \u010dlanovi ekipe vrlo vrijedno i predano vje\u017ebaju , pri tome se me\u0111usobno zbli\u017ee, prijateljstva i s drugim \u0161kolama ostvaruju se i u Novom Vinodolskom kao i na natjecanjima bez obzira na me\u0111usobnu konkurenciju. Ljudski \u017eivot je neprocjenjiv\u00a0 i mo\u017eda \u0107e ba\u0161 netko od nekih dosada\u0161njih \u010dlanova primijeniti svoje znanje kako bi pomogao drugome a mo\u017eda i spasio \u017eivot. Uklju\u010dite se!!!<\/p>\n<p>Povjerenik Crvenog kri\u017ea Tatjana Markovi\u0107, prof. mentor<\/p>\n","protected":false},"excerpt":{"rendered":"<p>CRVENI\u00a0 KRI\u017d [envira-gallery id=&#8221;382&#8243;] Crveni kri\u017e kao izvannastavna aktivnost ima dugogodi\u0161nju tradiciju u Prvoj gimnaziji. U sklopu ove aktivnosti svake godine se odr\u017eava natjecanje iz Prve pomo\u0107i a u\u010denici \u010detvrtih razreda koji su\u00a0 navr\u0161ili 18 godina kao i profesori i tehni\u010dko osoblje na\u0161e gimnazije uklju\u010duje se u akciju Dobrovoljnog darivanja krvi koja se odr\u017eava u [&hellip;]<\/p>\n","protected":false},"author":1,"featured_media":0,"parent":0,"menu_order":0,"comment_status":"closed","ping_status":"closed","template":"","meta":{"_et_pb_use_builder":"","_et_pb_old_content":"","_et_gb_content_width":"","footnotes":""},"class_list":["post-380","page","type-page","status-publish","hentry"],"_links":{"self":[{"href":"https:\/\/prva.hr\/index.php\/wp-json\/wp\/v2\/pages\/380","targetHints":{"allow":["GET"]}}],"collection":[{"href":"https:\/\/prva.hr\/index.php\/wp-json\/wp\/v2\/pages"}],"about":[{"href":"https:\/\/prva.hr\/index.php\/wp-json\/wp\/v2\/types\/page"}],"author":[{"embeddable":true,"href":"https:\/\/prva.hr\/index.php\/wp-json\/wp\/v2\/users\/1"}],"replies":[{"embeddable":true,"href":"https:\/\/prva.hr\/index.php\/wp-json\/wp\/v2\/comments?post=380"}],"version-history":[{"count":3,"href":"https:\/\/prva.hr\/index.php\/wp-json\/wp\/v2\/pages\/380\/revisions"}],"predecessor-version":[{"id":388,"href":"https:\/\/prva.hr\/index.php\/wp-json\/wp\/v2\/pages\/380\/revisions\/388"}],"wp:attachment":[{"href":"https:\/\/prva.hr\/index.php\/wp-json\/wp\/v2\/media?parent=380"}],"curies":[{"name":"wp","href":"https:\/\/api.w.org\/{rel}","templated":true}]}}