{"id":4252,"date":"2018-11-26T12:13:19","date_gmt":"2018-11-26T11:13:19","guid":{"rendered":"http:\/\/www.prva.hr\/?page_id=4252"},"modified":"2024-04-08T10:15:41","modified_gmt":"2024-04-08T08:15:41","slug":"kontakti","status":"publish","type":"page","link":"https:\/\/prva.hr\/index.php\/kontakti\/","title":{"rendered":"Kontakti"},"content":{"rendered":"<p>Adresa:<br \/>\nAv. Dubrovnik 36<br \/>\n10 010 Zagreb<\/p>\n<p>Telefon:<br \/>\n01\/66 01 665<br \/>\n01\/ 66 01 153<\/p>\n<p>Mail adrese:<\/p>\n<p>Digitalno uredsko poslovanje: eup@prva.hr<\/p>\n<p>Ravnateljica: <a href=\"mailto:info@prva.hr\">info@prva.hr<\/a><\/p>\n<p>Socijalna pedagoginja:\u00a0<a href=\"mailto:pedagoginjaprve@gmail.com\">socpedprve@gmail.com<\/a><\/p>\n<p>Psihologinja: <a href=\"mailto:psihologinjaprve@gmail.com\">psihologinjaprve@gmail.com<\/a><\/p>\n<p>Pedagoginja: <a href=\"mailto:pedagoginjaprve@gmail.com\">pedagoginjaprve2@gmail.com<\/a><\/p>\n<p>Knji\u017enica: <a href=\"mailto:knjiznica.prve@gmail.com\">knjiznica.prve@gmail.com\u00a0<\/a>(svi poslovi vezani uz nabavku knjiga)<\/p>\n<p>Ra\u010dunovodstvo: <a href=\"mailto:financije@prva.hr\">financije@prva.hr<\/a><\/p>\n<p>Tajni\u0161tvo: <a href=\"mailto:tajnistvo@prva.hr\">tajnistvo@prva.hr<\/a><\/p>\n<p>Slu\u017ebenik za za\u0161titu podataka: Ana-Marija Ljubljanovi\u0107- tajnica\u00a0 prvagimnazijazastitapodataka@gmail.com<\/p>\n","protected":false},"excerpt":{"rendered":"<p>Adresa: Av. Dubrovnik 36 10 010 Zagreb Telefon: 01\/66 01 665 01\/ 66 01 153 Mail adrese: Digitalno uredsko poslovanje: eup@prva.hr Ravnateljica: info@prva.hr Socijalna pedagoginja:\u00a0socpedprve@gmail.com Psihologinja: psihologinjaprve@gmail.com Pedagoginja: pedagoginjaprve2@gmail.com Knji\u017enica: knjiznica.prve@gmail.com\u00a0(svi poslovi vezani uz nabavku knjiga) Ra\u010dunovodstvo: financije@prva.hr Tajni\u0161tvo: tajnistvo@prva.hr Slu\u017ebenik za za\u0161titu podataka: Ana-Marija Ljubljanovi\u0107- tajnica\u00a0 prvagimnazijazastitapodataka@gmail.com<\/p>\n","protected":false},"author":1,"featured_media":0,"parent":0,"menu_order":0,"comment_status":"closed","ping_status":"closed","template":"","meta":{"_et_pb_use_builder":"","_et_pb_old_content":"","_et_gb_content_width":"","footnotes":""},"class_list":["post-4252","page","type-page","status-publish","hentry"],"_links":{"self":[{"href":"https:\/\/prva.hr\/index.php\/wp-json\/wp\/v2\/pages\/4252","targetHints":{"allow":["GET"]}}],"collection":[{"href":"https:\/\/prva.hr\/index.php\/wp-json\/wp\/v2\/pages"}],"about":[{"href":"https:\/\/prva.hr\/index.php\/wp-json\/wp\/v2\/types\/page"}],"author":[{"embeddable":true,"href":"https:\/\/prva.hr\/index.php\/wp-json\/wp\/v2\/users\/1"}],"replies":[{"embeddable":true,"href":"https:\/\/prva.hr\/index.php\/wp-json\/wp\/v2\/comments?post=4252"}],"version-history":[{"count":7,"href":"https:\/\/prva.hr\/index.php\/wp-json\/wp\/v2\/pages\/4252\/revisions"}],"predecessor-version":[{"id":17175,"href":"https:\/\/prva.hr\/index.php\/wp-json\/wp\/v2\/pages\/4252\/revisions\/17175"}],"wp:attachment":[{"href":"https:\/\/prva.hr\/index.php\/wp-json\/wp\/v2\/media?parent=4252"}],"curies":[{"name":"wp","href":"https:\/\/api.w.org\/{rel}","templated":true}]}}