{"id":433,"date":"2017-06-14T08:35:49","date_gmt":"2017-06-14T06:35:49","guid":{"rendered":"http:\/\/www2.prva.hr\/?page_id=433"},"modified":"2023-10-11T17:55:42","modified_gmt":"2023-10-11T15:55:42","slug":"dodatna-i-dopunska-nastava","status":"publish","type":"page","link":"https:\/\/prva.hr\/index.php\/dodatna-i-dopunska-nastava\/","title":{"rendered":"DODATNA I DOPUNSKA NASTAVA"},"content":{"rendered":"<p>\u0161k. god. 2021.\/22.<\/p>\n<table>\n<tbody>\n<tr>\n<td width=\"161\"><strong>PREDMET<\/strong><\/td>\n<td width=\"113\"><strong>PROFESOR<\/strong><\/td>\n<td width=\"123\"><strong>RAZREDI<\/strong><\/td>\n<\/tr>\n<tr>\n<td width=\"161\"><\/td>\n<td width=\"113\"><\/td>\n<td width=\"123\"><\/td>\n<\/tr>\n<tr>\n<td width=\"161\">Dodatni njema\u010dki<\/td>\n<td width=\"113\">Dalibor Joler<\/td>\n<td width=\"123\">4.<\/td>\n<\/tr>\n<tr>\n<td width=\"161\">Dodatni francuski<\/td>\n<td width=\"113\">Tatjana Bano\u017ei\u0107<\/td>\n<td width=\"123\">1., 2., 3., 4.<\/td>\n<\/tr>\n<tr>\n<td width=\"161\"><a href=\"https:\/\/www.prva.hr\/wp-content\/uploads\/2018\/09\/Dodatna-nastava.docx\">Dodatni engleski<\/a><\/td>\n<td width=\"113\">Marina Romac<\/td>\n<td width=\"123\">2., 4.<\/td>\n<\/tr>\n<tr>\n<td width=\"161\">Dopunski latinski<\/td>\n<td width=\"113\">Maja \u010cubrani\u0107<\/td>\n<td width=\"123\">1. i 2.<\/td>\n<\/tr>\n<tr>\n<td width=\"161\">Dodatni njema\u010dki<\/td>\n<td width=\"113\">Tatjana Juki\u0107<\/td>\n<td width=\"123\">2., 3., 4.<\/td>\n<\/tr>\n<tr>\n<td width=\"161\">Dopunski hrvatski<\/td>\n<td width=\"113\">Martina \u0160obar<\/td>\n<td width=\"123\">1.<\/td>\n<\/tr>\n<tr>\n<td width=\"161\">Dodatna logika<\/td>\n<td width=\"113\">Alen Su\u0107eska<\/td>\n<td width=\"123\">3. i 4.<\/td>\n<\/tr>\n<tr>\n<td width=\"161\">Dodatna matematika<\/td>\n<td width=\"113\">Maja \u017ditko<\/td>\n<td width=\"123\">1., 2., 3. i 4.<\/td>\n<\/tr>\n<tr>\n<td width=\"161\"><\/td>\n<td width=\"113\"><\/td>\n<td width=\"123\"><\/td>\n<\/tr>\n<tr>\n<td width=\"161\"><\/td>\n<td width=\"113\"><\/td>\n<td width=\"123\"><\/td>\n<\/tr>\n<tr>\n<td width=\"161\"><\/td>\n<td width=\"113\"><\/td>\n<td width=\"123\"><\/td>\n<\/tr>\n<tr>\n<td width=\"161\"><\/td>\n<td width=\"113\"><\/td>\n<td width=\"123\"><\/td>\n<\/tr>\n<\/tbody>\n<\/table>\n","protected":false},"excerpt":{"rendered":"<p>\u0161k. god. 2021.\/22. PREDMET PROFESOR RAZREDI Dodatni njema\u010dki Dalibor Joler 4. Dodatni francuski Tatjana Bano\u017ei\u0107 1., 2., 3., 4. Dodatni engleski Marina Romac 2., 4. Dopunski latinski Maja \u010cubrani\u0107 1. i 2. Dodatni njema\u010dki Tatjana Juki\u0107 2., 3., 4. Dopunski hrvatski Martina \u0160obar 1. Dodatna logika Alen Su\u0107eska 3. i 4. Dodatna matematika Maja \u017ditko [&hellip;]<\/p>\n","protected":false},"author":1,"featured_media":0,"parent":0,"menu_order":0,"comment_status":"closed","ping_status":"closed","template":"","meta":{"_et_pb_use_builder":"","_et_pb_old_content":"","_et_gb_content_width":"","footnotes":""},"class_list":["post-433","page","type-page","status-publish","hentry"],"_links":{"self":[{"href":"https:\/\/prva.hr\/index.php\/wp-json\/wp\/v2\/pages\/433","targetHints":{"allow":["GET"]}}],"collection":[{"href":"https:\/\/prva.hr\/index.php\/wp-json\/wp\/v2\/pages"}],"about":[{"href":"https:\/\/prva.hr\/index.php\/wp-json\/wp\/v2\/types\/page"}],"author":[{"embeddable":true,"href":"https:\/\/prva.hr\/index.php\/wp-json\/wp\/v2\/users\/1"}],"replies":[{"embeddable":true,"href":"https:\/\/prva.hr\/index.php\/wp-json\/wp\/v2\/comments?post=433"}],"version-history":[{"count":15,"href":"https:\/\/prva.hr\/index.php\/wp-json\/wp\/v2\/pages\/433\/revisions"}],"predecessor-version":[{"id":15318,"href":"https:\/\/prva.hr\/index.php\/wp-json\/wp\/v2\/pages\/433\/revisions\/15318"}],"wp:attachment":[{"href":"https:\/\/prva.hr\/index.php\/wp-json\/wp\/v2\/media?parent=433"}],"curies":[{"name":"wp","href":"https:\/\/api.w.org\/{rel}","templated":true}]}}