{"id":439,"date":"2017-06-14T08:42:08","date_gmt":"2017-06-14T06:42:08","guid":{"rendered":"http:\/\/www2.prva.hr\/?page_id=439"},"modified":"2025-09-29T09:44:43","modified_gmt":"2025-09-29T07:44:43","slug":"izborna-nastava","status":"publish","type":"page","link":"https:\/\/prva.hr\/index.php\/izborna-nastava\/","title":{"rendered":"IZBORNA NASTAVA u \u0161k. god. 2025.\/2026."},"content":{"rendered":"\n<p><strong>2. RAZREDI:<\/strong><\/p>\n\n\n\n<p>Biologija &#8211; Luka Miholi\u0107, prof.<\/p>\n\n\n\n<p>Engleski jezik &#8211; Mihaela Mordu\u0161, prof.<\/p>\n\n\n\n<p>Kemija &#8211; Dragan Ra\u0161i\u0107, prof.<\/p>\n\n\n\n<p>Psihologija &#8211; Susanne Gordana Homan, prof.<\/p>\n\n\n\n<p>\u0160panjolski jezik &#8211; Petra Polan\u010dec, prof.<\/p>\n\n\n\n<p>Talijanski jezik &#8211; Jelena Beki\u0107, prof.<\/p>\n\n\n\n<p>Tjelesna i zdravstvena kultura &#8211; Damir Kr\u0161i\u0107<\/p>\n\n\n\n<p><\/p>\n\n\n\n<p><strong>3. RAZREDI:<\/strong><\/p>\n\n\n\n<p>Biologija &#8211; Luka Miholi\u0107, prof.<\/p>\n\n\n\n<p>Kemija &#8211; Dragan Ra\u0161i\u0107, prof.<\/p>\n\n\n\n<p>Psihologija &#8211; Susanne Gordana Homan, prof.<\/p>\n\n\n\n<p>Sociologija &#8211; Zlata Pa\u0161tar, prof.<\/p>\n\n\n\n<p>\u0160panjolski jezik &#8211; Petra Polan\u010dec, prof.<\/p>\n\n\n\n<p>Talijanski jezik &#8211; Jelena Beki\u0107, prof.<\/p>\n\n\n\n<p>Tjelesna i zdravstvena kultura &#8211; Damir Kr\u0161i\u0107<\/p>\n\n\n\n<p><\/p>\n\n\n\n<p><strong>4. RAZREDI:<\/strong><\/p>\n\n\n\n<p>Matematika 4. a &#8211; Sanja Sruk, prof.<\/p>\n\n\n\n<p>Matematika 4. c &#8211; Mirna \u0160a\u0161i\u0107 Smojver, prof.<\/p>\n\n\n\n<p>Matematika 4. d &#8211; Iva Suboti\u010danec, prof.<\/p>\n\n\n\n<p>Matematika 4. e &#8211; Mirna \u0160a\u0161i\u0107 Smojver, prof.<\/p>\n","protected":false},"excerpt":{"rendered":"<p>2. RAZREDI: Biologija &#8211; Luka Miholi\u0107, prof. Engleski jezik &#8211; Mihaela Mordu\u0161, prof. Kemija &#8211; Dragan Ra\u0161i\u0107, prof. Psihologija &#8211; Susanne Gordana Homan, prof. \u0160panjolski jezik &#8211; Petra Polan\u010dec, prof. Talijanski jezik &#8211; Jelena Beki\u0107, prof. Tjelesna i zdravstvena kultura &#8211; Damir Kr\u0161i\u0107 3. RAZREDI: Biologija &#8211; Luka Miholi\u0107, prof. Kemija &#8211; Dragan Ra\u0161i\u0107, prof. [&hellip;]<\/p>\n","protected":false},"author":1,"featured_media":0,"parent":0,"menu_order":0,"comment_status":"closed","ping_status":"closed","template":"","meta":{"_et_pb_use_builder":"","_et_pb_old_content":"","_et_gb_content_width":"","footnotes":""},"class_list":["post-439","page","type-page","status-publish","hentry"],"_links":{"self":[{"href":"https:\/\/prva.hr\/index.php\/wp-json\/wp\/v2\/pages\/439","targetHints":{"allow":["GET"]}}],"collection":[{"href":"https:\/\/prva.hr\/index.php\/wp-json\/wp\/v2\/pages"}],"about":[{"href":"https:\/\/prva.hr\/index.php\/wp-json\/wp\/v2\/types\/page"}],"author":[{"embeddable":true,"href":"https:\/\/prva.hr\/index.php\/wp-json\/wp\/v2\/users\/1"}],"replies":[{"embeddable":true,"href":"https:\/\/prva.hr\/index.php\/wp-json\/wp\/v2\/comments?post=439"}],"version-history":[{"count":17,"href":"https:\/\/prva.hr\/index.php\/wp-json\/wp\/v2\/pages\/439\/revisions"}],"predecessor-version":[{"id":21164,"href":"https:\/\/prva.hr\/index.php\/wp-json\/wp\/v2\/pages\/439\/revisions\/21164"}],"wp:attachment":[{"href":"https:\/\/prva.hr\/index.php\/wp-json\/wp\/v2\/media?parent=439"}],"curies":[{"name":"wp","href":"https:\/\/api.w.org\/{rel}","templated":true}]}}