{"id":448,"date":"2017-06-14T08:53:30","date_gmt":"2017-06-14T06:53:30","guid":{"rendered":"http:\/\/www2.prva.hr\/?page_id=448"},"modified":"2024-06-25T14:54:57","modified_gmt":"2024-06-25T12:54:57","slug":"gubitak-svjedodzbe","status":"publish","type":"page","link":"https:\/\/prva.hr\/index.php\/gubitak-svjedodzbe\/","title":{"rendered":"GUBITAK SVJEDOD\u017dBE"},"content":{"rendered":"<p>Zahtjevi za izdavanje duplikata\/prijepisa svjedod\u017ebi predaju se, a prijepisi se preuzimaju, kod administratorice radnim danom od 9 do 13 sati. Zahtjev (za biv\u0161e u\u010denike I. gimnazije) mo\u017eete preuzeti u nastavku.<\/p>\n<p>Odlukom \u0160kolskog odbora I. gimnazija izrada duplikata svjedod\u017ebe napla\u0107uje se 15 eura, a izrada duplikata maturalne svjedod\u017ebe 20 eura. Sredstva je potrebno uplatiti na ra\u010dun \u0161kole:<\/p>\n<p>IBAN: \u00a0\u00a0 HR6123600001101444360<\/p>\n<p>Poziv na broj: HR99<\/p>\n<p>Opis: Uplata za duplikat svjedod\u017ebe<\/p>\n<p>Duplikat se izdaje najkasnije u roku od 8 dana od dana urednog podnesene molbe (obrazac dostupan na <a href=\"https:\/\/www.prva.hr\/index.php\/gubitak-dokumenata-obrazac\/\">Gubitak dokumenata &amp;#8211; obrazac<\/a>) \u00a0i nakon podnesenog dokaza o uplati.<\/p>\n<p>Za dodatne informacije obratite se na broj telefona 66 01 665 \u00a0ili na e-mail adresu referada1gimnazija@gmail.com.<\/p>\n<p>Duplikate svjedod\u017ebi i\/ili potvrda o polo\u017eenim ispitima dr\u017eavne mature izdaje Nacionalni centar za vanjsko vrednovanje obrazovanja &#8211; vi\u0161e o tome pro\u010ditajte <a href=\"https:\/\/www.ncvvo.hr\/upute-preuzimanju-svjedodzbapotvrda-polozenim-ispitima-drzavne-mature-izdavanju-ostalih-potvrda\/\">ovdje<\/a>.<\/p>\n","protected":false},"excerpt":{"rendered":"<p>Zahtjevi za izdavanje duplikata\/prijepisa svjedod\u017ebi predaju se, a prijepisi se preuzimaju, kod administratorice radnim danom od 9 do 13 sati. Zahtjev (za biv\u0161e u\u010denike I. gimnazije) mo\u017eete preuzeti u nastavku. Odlukom \u0160kolskog odbora I. gimnazija izrada duplikata svjedod\u017ebe napla\u0107uje se 15 eura, a izrada duplikata maturalne svjedod\u017ebe 20 eura. Sredstva je potrebno uplatiti na ra\u010dun [&hellip;]<\/p>\n","protected":false},"author":1,"featured_media":0,"parent":0,"menu_order":0,"comment_status":"closed","ping_status":"closed","template":"","meta":{"_et_pb_use_builder":"","_et_pb_old_content":"","_et_gb_content_width":"","footnotes":""},"class_list":["post-448","page","type-page","status-publish","hentry"],"_links":{"self":[{"href":"https:\/\/prva.hr\/index.php\/wp-json\/wp\/v2\/pages\/448","targetHints":{"allow":["GET"]}}],"collection":[{"href":"https:\/\/prva.hr\/index.php\/wp-json\/wp\/v2\/pages"}],"about":[{"href":"https:\/\/prva.hr\/index.php\/wp-json\/wp\/v2\/types\/page"}],"author":[{"embeddable":true,"href":"https:\/\/prva.hr\/index.php\/wp-json\/wp\/v2\/users\/1"}],"replies":[{"embeddable":true,"href":"https:\/\/prva.hr\/index.php\/wp-json\/wp\/v2\/comments?post=448"}],"version-history":[{"count":6,"href":"https:\/\/prva.hr\/index.php\/wp-json\/wp\/v2\/pages\/448\/revisions"}],"predecessor-version":[{"id":17987,"href":"https:\/\/prva.hr\/index.php\/wp-json\/wp\/v2\/pages\/448\/revisions\/17987"}],"wp:attachment":[{"href":"https:\/\/prva.hr\/index.php\/wp-json\/wp\/v2\/media?parent=448"}],"curies":[{"name":"wp","href":"https:\/\/api.w.org\/{rel}","templated":true}]}}